{"id":192,"date":"2022-11-29T04:54:45","date_gmt":"2022-11-29T07:54:45","guid":{"rendered":"https:\/\/www.execord.com\/es\/?page_id=192"},"modified":"2022-12-12T14:37:32","modified_gmt":"2022-12-12T17:37:32","slug":"business-intelligence","status":"publish","type":"page","link":"https:\/\/www.execord.com\/es\/business-intelligence\/","title":{"rendered":"Business Intelligence"},"content":{"rendered":"\n\n\t<section class=\"section business_intro\" id=\"section_881198988\">\n\t\t<div class=\"section-bg fill\" >\n\t\t\t\t\t\t\t\t\t\n\t\t\t\n\n\t\t<\/div>\n\n\t\t\n\n\t\t<div class=\"section-content relative\">\n\t\t\t\n\n<div class=\"row\"  id=\"row-2137384489\">\n\n\n\t<div id=\"col-858776390\" class=\"col medium-7 small-12 large-7\"  >\n\t\t\t\t<div class=\"col-inner\"  >\n\t\t\t\n\t\t\t\n\n\t<div id=\"gap-1864631665\" class=\"gap-element clearfix hide-for-small\" style=\"display:block; height:auto;\">\n\t\t\n<style>\n#gap-1864631665 {\n  padding-top: 25px;\n}\n@media (min-width:550px) {\n  #gap-1864631665 {\n    padding-top: 30px;\n  }\n}\n<\/style>\n\t<\/div>\n\t\n\n<h1>Business intelligence and Analytics<\/h1>\n\t<div id=\"text-3316809084\" class=\"text\">\n\t\t\n\n<p>Te ayudamos a comprender la informaci\u00f3n y datos de tu negocio a trav\u00e9s de Dashboards personalizados.<\/p>\n\t\t\n<style>\n#text-3316809084 {\n  font-size: 1.4rem;\n  line-height: 1.4;\n}\n<\/style>\n\t<\/div>\n\t\n<a href=\"\/es\/contacto\" class=\"button primary\"  style=\"border-radius:99px;\">\n\t\t<span>Quiero hacer una consulta<\/span>\n\t<\/a>\n\n\n\n\t\t<\/div>\n\t\t\t\t\n<style>\n#col-858776390 > .col-inner {\n  padding: 0px 0px 0px 0px;\n}\n@media (min-width:550px) {\n  #col-858776390 > .col-inner {\n    padding: 0px 60px 0px 65px;\n  }\n}\n<\/style>\n\t<\/div>\n\n\t\n\n\t<div id=\"col-1642039305\" class=\"col medium-5 small-12 large-5 small-col-first\"  >\n\t\t\t\t<div class=\"col-inner\"  >\n\t\t\t\n\t\t\t\n\n\t<div class=\"img has-hover show-for-small x md-x lg-x y md-y lg-y\" id=\"image_1824609637\">\n\t\t\t\t\t\t\t\t<div class=\"img-inner dark\" >\n\t\t\t<img loading=\"lazy\" decoding=\"async\" width=\"1125\" height=\"544\" src=\"https:\/\/www.execord.com\/es\/wp-content\/uploads\/sites\/2\/2022\/11\/business_bg-intro.png\" class=\"attachment-original size-original\" alt=\"\" srcset=\"https:\/\/www.execord.com\/es\/wp-content\/uploads\/sites\/2\/2022\/11\/business_bg-intro.png 1125w, https:\/\/www.execord.com\/es\/wp-content\/uploads\/sites\/2\/2022\/11\/business_bg-intro-300x145.png 300w, https:\/\/www.execord.com\/es\/wp-content\/uploads\/sites\/2\/2022\/11\/business_bg-intro-1024x495.png 1024w, https:\/\/www.execord.com\/es\/wp-content\/uploads\/sites\/2\/2022\/11\/business_bg-intro-768x371.png 768w\" sizes=\"auto, (max-width: 1125px) 100vw, 1125px\" \/>\t\t\t\t\t\t\n\t\t\t\t\t<\/div>\n\t\t\t\t\t\t\t\t\n<style>\n#image_1824609637 {\n  width: 100%;\n}\n<\/style>\n\t<\/div>\n\t\n\n\n\t\t<\/div>\n\t\t\t\t\t<\/div>\n\n\t\n\n<\/div>\n\t\t<div class=\"hide-for-small\">\n\t\t\t\t\n\n<svg style=\"position: relative; right: 135px; top: -30px;\" width=\"349\" height=\"170\" viewBox=\"0 0 349 170\" fill=\"none\" xmlns=\"http:\/\/www.w3.org\/2000\/svg\">\n<path d=\"M-14 147.5L117.893 34.8511C136.827 18.6794 164.568 18.2001 184.05 33.7082L327 147.501\" stroke=\"#2369BD\" stroke-width=\"44\" stroke-linecap=\"round\" stroke-linejoin=\"round\"\/>\n<\/svg>\n\t\t<\/div>\n\t\n\t<div id=\"gap-1904288398\" class=\"gap-element clearfix\" style=\"display:block; height:auto;\">\n\t\t\n<style>\n#gap-1904288398 {\n  padding-top: 10px;\n}\n@media (min-width:550px) {\n  #gap-1904288398 {\n    padding-top: 30px;\n  }\n}\n<\/style>\n\t<\/div>\n\t\n\n<div class=\"row align-middle\"  id=\"row-2070803660\">\n\n\n\t<div id=\"col-338660798\" class=\"col medium-1 small-12 large-1\"  >\n\t\t\t\t<div class=\"col-inner\"  >\n\t\t\t\n\t\t\t\n\n\n\t\t<\/div>\n\t\t\t\t\t<\/div>\n\n\t\n\n\t<div id=\"col-1668371182\" class=\"col medium-6 small-12 large-6\"  >\n\t\t\t\t<div class=\"col-inner\"  >\n\t\t\t\n\t\t\t\n\n\t<div id=\"text-1014370294\" class=\"text\">\n\t\t\n\n<p>Genera nuevas oportunidades de negocio <strong>con un correcto procesamiento de datos.<\/strong><\/p>\n\t\t\n<style>\n#text-1014370294 {\n  font-size: 1.85rem;\n  line-height: 1.25;\n  color: #153e70;\n}\n#text-1014370294 > * {\n  color: #153e70;\n}\n<\/style>\n\t<\/div>\n\t\n\n\t\t<\/div>\n\t\t\t\t\t<\/div>\n\n\t\n\n\t<div id=\"col-696909905\" class=\"col medium-4 small-12 large-4\"  >\n\t\t\t\t<div class=\"col-inner\"  >\n\t\t\t\n\t\t\t\n\n<a href=\"\/es\/automation\" class=\"button secondary\"  style=\"border-radius:99px;\">\n\t\t<span>Genera tus nuevas oportunidades<\/span>\n\t<\/a>\n\n\n\n\t\t<\/div>\n\t\t\t\t\n<style>\n#col-696909905 > .col-inner {\n  margin: -40px 0px 0px 0px;\n}\n<\/style>\n\t<\/div>\n\n\t\n\n<\/div>\n\t<div id=\"gap-2006554083\" class=\"gap-element clearfix\" style=\"display:block; height:auto;\">\n\t\t\n<style>\n#gap-2006554083 {\n  padding-top: 10px;\n}\n@media (min-width:550px) {\n  #gap-2006554083 {\n    padding-top: 30px;\n  }\n}\n<\/style>\n\t<\/div>\n\t\n\n\n\t\t<\/div>\n\n\t\t\n<style>\n#section_881198988 {\n  padding-top: 0px;\n  padding-bottom: 0px;\n}\n<\/style>\n\t<\/section>\n\t\n\n\n\t<section class=\"section business_services\" id=\"section_695038544\">\n\t\t<div class=\"section-bg fill\" >\n\t\t\t\t\t\t\t\t\t\n\t\t\t\n\n\t\t<\/div>\n\n\t\t\n\n\t\t<div class=\"section-content relative\">\n\t\t\t\n\n<div class=\"row\"  id=\"row-1175074359\">\n\n\n\t<div id=\"col-1215796176\" class=\"col small-12 large-12\"  >\n\t\t\t\t<div class=\"col-inner\"  >\n\t\t\t\n\t\t\t\n\n\t<div id=\"text-1132386301\" class=\"text fw_800\">\n\t\t\n\n<h2>Nuestros servicios en BI<\/h2>\n\t\t\n<style>\n#text-1132386301 {\n  font-size: 2rem;\n  text-align: center;\n}\n<\/style>\n\t<\/div>\n\t\n\n\t\t<\/div>\n\t\t\t\t\t<\/div>\n\n\t\n\n<\/div>\n<div class=\"row\"  id=\"row-1949854253\">\n\n\n\t<div id=\"col-92623652\" class=\"col box-services medium-4 small-12 large-4\"  >\n\t\t\t\t<div class=\"col-inner text-center\"  >\n\t\t\t\n\t\t\t\n\n\t<div class=\"img has-hover x md-x lg-x y md-y lg-y\" id=\"image_1349827195\">\n\t\t\t\t\t\t\t\t<div class=\"img-inner dark\" >\n\t\t\t<img loading=\"lazy\" decoding=\"async\" width=\"101\" height=\"86\" src=\"https:\/\/www.execord.com\/es\/wp-content\/uploads\/sites\/2\/2022\/11\/icon-data-warehouse.svg\" class=\"attachment-original size-original\" alt=\"\" \/>\t\t\t\t\t\t\n\t\t\t\t\t<\/div>\n\t\t\t\t\t\t\t\t\n<style>\n#image_1349827195 {\n  width: 100%;\n}\n<\/style>\n\t<\/div>\n\t\n\n\t<div id=\"text-643057926\" class=\"text\">\n\t\t\n\n<h3>Data warehouse<\/h3>\n\t\t\n<style>\n#text-643057926 {\n  text-align: center;\n}\n<\/style>\n\t<\/div>\n\t\n\t<div id=\"text-4084541049\" class=\"text\">\n\t\t\n\n<p>Construimos bases de datos unificando fuentes de informaci\u00f3n.<\/p>\n\t\t\n<style>\n#text-4084541049 {\n  text-align: center;\n}\n<\/style>\n\t<\/div>\n\t\n<a href=\"\/es\/contacto\" class=\"button primary is-outline\"  style=\"border-radius:99px;\">\n\t\t<span>Contratar servicio<\/span>\n\t<\/a>\n\n\n\n\t\t<\/div>\n\t\t\t\t\t<\/div>\n\n\t\n\n\t<div id=\"col-787792276\" class=\"col box-services medium-4 small-12 large-4\"  >\n\t\t\t\t<div class=\"col-inner text-center\"  >\n\t\t\t\n\t\t\t\n\n\t<div class=\"img has-hover x md-x lg-x y md-y lg-y\" id=\"image_78675779\">\n\t\t\t\t\t\t\t\t<div class=\"img-inner dark\" >\n\t\t\t<img loading=\"lazy\" decoding=\"async\" width=\"117\" height=\"69\" src=\"https:\/\/www.execord.com\/es\/wp-content\/uploads\/sites\/2\/2022\/11\/icon-data-visual.svg\" class=\"attachment-original size-original\" alt=\"\" \/>\t\t\t\t\t\t\n\t\t\t\t\t<\/div>\n\t\t\t\t\t\t\t\t\n<style>\n#image_78675779 {\n  width: 100%;\n}\n<\/style>\n\t<\/div>\n\t\n\n\t<div id=\"text-458565408\" class=\"text\">\n\t\t\n\n<h3>Visualizaci\u00f3n y Transformaci\u00f3n de datos<\/h3>\n\t\t\n<style>\n#text-458565408 {\n  text-align: center;\n}\n<\/style>\n\t<\/div>\n\t\n\t<div id=\"text-3084796768\" class=\"text\">\n\t\t\n\n<p>A partir de tus datos creamos informes y tableros de control para la toma r\u00e1pida de decisiones.<\/p>\n\t\t\n<style>\n#text-3084796768 {\n  text-align: center;\n}\n<\/style>\n\t<\/div>\n\t\n<a href=\"\/es\/contacto\" class=\"button primary is-outline\"  style=\"border-radius:99px;\">\n\t\t<span>Contratar servicio<\/span>\n\t<\/a>\n\n\n\n\t\t<\/div>\n\t\t\t\t\t<\/div>\n\n\t\n\n\t<div id=\"col-964057550\" class=\"col box-services medium-4 small-12 large-4\"  >\n\t\t\t\t<div class=\"col-inner text-center\"  >\n\t\t\t\n\t\t\t\n\n\t<div class=\"img has-hover x md-x lg-x y md-y lg-y\" id=\"image_666554905\">\n\t\t\t\t\t\t\t\t<div class=\"img-inner dark\" >\n\t\t\t<img loading=\"lazy\" decoding=\"async\" width=\"109\" height=\"71\" src=\"https:\/\/www.execord.com\/es\/wp-content\/uploads\/sites\/2\/2022\/11\/icon-analytics.svg\" class=\"attachment-original size-original\" alt=\"\" \/>\t\t\t\t\t\t\n\t\t\t\t\t<\/div>\n\t\t\t\t\t\t\t\t\n<style>\n#image_666554905 {\n  width: 100%;\n}\n<\/style>\n\t<\/div>\n\t\n\n\t<div id=\"text-3751737088\" class=\"text\">\n\t\t\n\n<h3>Analytics<\/h3>\n\t\t\n<style>\n#text-3751737088 {\n  text-align: center;\n}\n<\/style>\n\t<\/div>\n\t\n\t<div id=\"text-2149868994\" class=\"text\">\n\t\t\n\n<p>Creamos m\u00e9tricas detectando patrones y haciendo predicci\u00f3n de tendencias.<\/p>\n\t\t\n<style>\n#text-2149868994 {\n  text-align: center;\n}\n<\/style>\n\t<\/div>\n\t\n<a href=\"\/es\/contacto\" class=\"button primary is-outline\"  style=\"border-radius:99px;\">\n\t\t<span>Contratar servicio<\/span>\n\t<\/a>\n\n\n\n\t\t<\/div>\n\t\t\t\t\t<\/div>\n\n\t\n\n\t<div id=\"col-1580443135\" class=\"col small-12 large-12\"  >\n\t\t\t\t<div class=\"col-inner text-center\"  >\n\t\t\t\n\t\t\t\n\n<a href=\"\/es\/contacto\" class=\"button primary\"  style=\"border-radius:99px;\">\n\t\t<span>Quiero m\u00e1s informaci\u00f3n<\/span>\n\t<\/a>\n\n\n\n\t\t<\/div>\n\t\t\t\t\n<style>\n#col-1580443135 > .col-inner {\n  padding: 30px 0px 0px 0px;\n}\n<\/style>\n\t<\/div>\n\n\t\n\n<\/div>\n\t<div id=\"gap-1242990146\" class=\"gap-element clearfix\" style=\"display:block; height:auto;\">\n\t\t\n<style>\n#gap-1242990146 {\n  padding-top: 30px;\n}\n<\/style>\n\t<\/div>\n\t\n\n\n\t\t<\/div>\n\n\t\t\n<style>\n#section_695038544 {\n  padding-top: 30px;\n  padding-bottom: 30px;\n}\n<\/style>\n\t<\/section>\n\t\n\n\t<section class=\"section home_software\" id=\"section_1493164373\">\n\t\t<div class=\"section-bg fill\" >\n\t\t\t\t\t\t\t\t\t\n\t\t\t\n\n\t\t<\/div>\n\n\t\t\n\n\t\t<div class=\"section-content relative\">\n\t\t\t\n\n<div class=\"row\"  id=\"row-640613430\">\n\n\n\t<div id=\"col-386535670\" class=\"col hide-for-small medium-1 small-12 large-1\"  >\n\t\t\t\t<div class=\"col-inner\"  >\n\t\t\t\n\t\t\t\n\n\n\t\t<\/div>\n\t\t\t\t\t<\/div>\n\n\t\n\n\t<div id=\"col-1454524827\" class=\"col medium-10 small-12 large-10\"  >\n\t\t\t\t<div class=\"col-inner\"  >\n\t\t\t\n\t\t\t\n\n\t<div id=\"text-3529867560\" class=\"text fw_800\">\n\t\t\n\n<h2>Paso a paso para aplicar Business intelligence en tu empresa<\/h2>\n\t\t\n<style>\n#text-3529867560 {\n  font-size: 1.5rem;\n  text-align: center;\n  color: #153e70;\n}\n#text-3529867560 > * {\n  color: #153e70;\n}\n@media (min-width:550px) {\n  #text-3529867560 {\n    font-size: 2rem;\n  }\n}\n<\/style>\n\t<\/div>\n\t\n\n\t\t<\/div>\n\t\t\t\t\t<\/div>\n\n\t\n\n\t<div id=\"col-1080969826\" class=\"col medium-1 small-12 large-1\"  >\n\t\t\t\t<div class=\"col-inner\"  >\n\t\t\t\n\t\t\t\n\n\n\t\t<\/div>\n\t\t\t\t\t<\/div>\n\n\t\n\n<\/div>\n\t<div id=\"gap-1026014210\" class=\"gap-element clearfix\" style=\"display:block; height:auto;\">\n\t\t\n<style>\n#gap-1026014210 {\n  padding-top: 30px;\n}\n<\/style>\n\t<\/div>\n\t\n\n<div class=\"row row-large\"  id=\"row-910627126\">\n\n\n\t<div id=\"col-1799358939\" class=\"col medium-4 small-12 large-4\"  >\n\t\t\t\t<div class=\"col-inner text-center\"  >\n\t\t\t\n\t\t\t\n\n\t\t<div class=\"circle-nro\">\n\t\t\t\t\n\n<div><span>1<\/span><\/div>\n\t\t<\/div>\n\t\n\t<div id=\"text-3247711936\" class=\"text fw_800\">\n\t\t\n\n<h3>Unifica tus datos<\/h3>\n\t\t\t<\/div>\n\t\n\t<div id=\"text-3344196785\" class=\"text\">\n\t\t\n\n<p>Re\u00fane los datos de tu empresa,<br>\nque provienen de distintas fuentes<br>\nen un s\u00f3lo lugar.<\/p>\n\t\t\n<style>\n#text-3344196785 {\n  font-size: 1.25rem;\n  line-height: 1.25;\n}\n<\/style>\n\t<\/div>\n\t\n\n\t\t<\/div>\n\t\t\t\t\t<\/div>\n\n\t\n\n\t<div id=\"col-1711318421\" class=\"col medium-4 small-12 large-4\"  >\n\t\t\t\t<div class=\"col-inner text-center\"  >\n\t\t\t\n\t\t\t\n\n\t\t<div class=\"circle-nro\">\n\t\t\t\t\n\n<div><span>2<\/span><\/div>\n\t\t<\/div>\n\t\n\t<div id=\"text-2944822706\" class=\"text fw_800\">\n\t\t\n\n<h3>Plantea tus objetivos de negocio<\/h3>\n\t\t\t<\/div>\n\t\n\t<div id=\"text-290763538\" class=\"text\">\n\t\t\n\n<p>Nuestro proceso  de consultor\u00eda de inteligencia empresarial optimiza los procesos y flujos de trabajo de datos, en las estructuras organizativas para identificar los objetivos de negocio.<\/p>\n\t\t\n<style>\n#text-290763538 {\n  font-size: 1.25rem;\n  line-height: 1.25;\n}\n<\/style>\n\t<\/div>\n\t\n\n\t\t<\/div>\n\t\t\t\t\t<\/div>\n\n\t\n\n\t<div id=\"col-1807468801\" class=\"col medium-4 small-12 large-4\"  >\n\t\t\t\t<div class=\"col-inner text-center\"  >\n\t\t\t\n\t\t\t\n\n\t\t<div class=\"circle-nro\">\n\t\t\t\t\n\n<div><span>3<\/span><\/div>\n\t\t<\/div>\n\t\n\t<div id=\"text-1035418191\" class=\"text fw_800\">\n\t\t\n\n<h3>Dise\u00f1o de soluciones y uso de herramientas<\/h3>\n\t\t\t<\/div>\n\t\n\t<div id=\"text-3250787294\" class=\"text\">\n\t\t\n\n<p>En base a los objetivos, dise\u00f1amos una soluci\u00f3n de BI que y seleccionamos las herramientas necesarias que vamos a utilizar. Recuerda que ofrecemos soluciones con Power BI, Dynamics y Power Apps.<\/p>\n\t\t\n<style>\n#text-3250787294 {\n  font-size: 1.25rem;\n  line-height: 1.25;\n}\n<\/style>\n\t<\/div>\n\t\n\n\t\t<\/div>\n\t\t\t\t\t<\/div>\n\n\t\n\n\t<div id=\"col-1327011929\" class=\"col medium-4 small-12 large-4\"  >\n\t\t\t\t<div class=\"col-inner text-center\"  >\n\t\t\t\n\t\t\t\n\n\t\t<div class=\"circle-nro\">\n\t\t\t\t\n\n<div><span>4<\/span><\/div>\n\t\t<\/div>\n\t\n\t<div id=\"text-1803591112\" class=\"text fw_800\">\n\t\t\n\n<h3>An\u00e1lisis de los datos y sus fuentes<\/h3>\n\t\t\t<\/div>\n\t\n\t<div id=\"text-725035121\" class=\"text\">\n\t\t\n\n<p>Analizamos todos los datos y sus diferentes fuentes, para luego procesarlas y tomar una decisi\u00f3n.<\/p>\n\t\t\n<style>\n#text-725035121 {\n  font-size: 1.25rem;\n  line-height: 1.25;\n}\n<\/style>\n\t<\/div>\n\t\n\n\t\t<\/div>\n\t\t\t\t\t<\/div>\n\n\t\n\n\t<div id=\"col-1010136112\" class=\"col medium-4 small-12 large-4\"  >\n\t\t\t\t<div class=\"col-inner text-center\"  >\n\t\t\t\n\t\t\t\n\n\t\t<div class=\"circle-nro\">\n\t\t\t\t\n\n<div><span>5<\/span><\/div>\n\t\t<\/div>\n\t\n\t<div id=\"text-1700129876\" class=\"text fw_800\">\n\t\t\n\n<h3>Integraci\u00f3n a tu negocio<\/h3>\n\t\t\t<\/div>\n\t\n\t<div id=\"text-4145003666\" class=\"text\">\n\t\t\n\n<p>Incorporamos una soluci\u00f3n de BI a su empresa, asegurando su m\u00e1ximo rendimiento y precisi\u00f3n.<\/p>\n\t\t\n<style>\n#text-4145003666 {\n  font-size: 1.25rem;\n  line-height: 1.25;\n}\n<\/style>\n\t<\/div>\n\t\n\n\t\t<\/div>\n\t\t\t\t\t<\/div>\n\n\t\n\n<\/div>\n<div class=\"row row-collapse row-full-width\"  id=\"row-199201920\">\n\n\n\t<div id=\"col-266884590\" class=\"col medium-8 small-12 large-8\"  >\n\t\t\t\t<div class=\"col-inner\"  >\n\t\t\t\n\t\t\t\n\n\t\t<div class=\"hide-for-small\">\n\t\t\t\t\n\n<svg style=\"position: relative; width: 115%; top: -60px; left: 0;\" width=\"1440\" height=\"279\" viewBox=\"0 0 1440 279\" fill=\"none\" xmlns=\"http:\/\/www.w3.org\/2000\/svg\">\n<path d=\"M1332.5 63.5307C1341.87 55.7979 1355.74 57.1266 1363.47 66.4984C1371.2 75.8703 1369.87 89.7364 1360.5 97.4693L1332.5 63.5307ZM-2 279C-14.1503 279 -24 269.15 -24 257C-24 244.85 -14.1503 235 -2 235V279ZM1290.75 126.5L1276.49 109.75L1276.62 109.639L1276.75 109.531L1290.75 126.5ZM1155.44 241.727L1141.17 224.977L1155.44 241.727ZM1113.94 279H-2V235H1113.94V279ZM1360.5 97.4693L1304.75 143.469L1276.75 109.531L1332.5 63.5307L1360.5 97.4693ZM1305.01 143.25L1169.7 258.477L1141.17 224.977L1276.49 109.75L1305.01 143.25ZM1113.94 235C1123.92 235 1133.57 231.447 1141.17 224.977L1169.7 258.477C1154.14 271.724 1134.38 279 1113.94 279V235Z\" fill=\"#2369BD\"><\/path>\n<circle cx=\"1417\" cy=\"23\" r=\"23\" fill=\"#6FF1D8\"><\/circle>\n<\/svg>\n\t\t<\/div>\n\t\n\n\t\t<\/div>\n\t\t\t\t\t<\/div>\n\n\t\n\n\t<div id=\"col-1701752248\" class=\"col medium-4 small-12 large-4\"  >\n\t\t\t\t<div class=\"col-inner\"  >\n\t\t\t\n\t\t\t\n\n\t<div class=\"img has-hover x md-x lg-x y md-y lg-y\" id=\"image_1164061266\">\n\t\t\t\t\t\t\t\t<div class=\"img-inner dark\" >\n\t\t\t<img loading=\"lazy\" decoding=\"async\" width=\"719\" height=\"280\" src=\"https:\/\/www.execord.com\/es\/wp-content\/uploads\/sites\/2\/2022\/11\/Mask-group.png\" class=\"attachment-original size-original\" alt=\"\" srcset=\"https:\/\/www.execord.com\/es\/wp-content\/uploads\/sites\/2\/2022\/11\/Mask-group.png 719w, https:\/\/www.execord.com\/es\/wp-content\/uploads\/sites\/2\/2022\/11\/Mask-group-300x117.png 300w\" sizes=\"auto, (max-width: 719px) 100vw, 719px\" \/>\t\t\t\t\t\t\n\t\t\t\t\t<\/div>\n\t\t\t\t\t\t\t\t\n<style>\n#image_1164061266 {\n  width: 100%;\n}\n<\/style>\n\t<\/div>\n\t\n\n\n\t\t<\/div>\n\t\t\t\t\t<\/div>\n\n\t\n\n<\/div>\n\n\t\t<\/div>\n\n\t\t\n<style>\n#section_1493164373 {\n  padding-top: 30px;\n  padding-bottom: 30px;\n}\n<\/style>\n\t<\/section>\n\t\n\n\t<section class=\"section\" id=\"section_834050568\">\n\t\t<div class=\"section-bg fill\" >\n\t\t\t\t\t\t\t\t\t\n\t\t\t\n\n\t\t<\/div>\n\n\t\t\n\n\t\t<div class=\"section-content relative\">\n\t\t\t\n\n<div class=\"row row-large\"  id=\"row-1494565971\">\n\n\n\t<div id=\"col-453990804\" class=\"col medium-4 small-12 large-4\"  >\n\t\t\t\t<div class=\"col-inner\"  >\n\t\t\t\n\t\t\t\n\n\t<div id=\"text-2174732830\" class=\"text fw_800\">\n\t\t\n\n<p>\u00bfPor qu\u00e9 Business Intelligence?<\/p>\n\t\t\n<style>\n#text-2174732830 {\n  font-size: 2rem;\n  line-height: 1.1;\n  text-align: left;\n  color: #2369bd;\n}\n#text-2174732830 > * {\n  color: #2369bd;\n}\n@media (min-width:550px) {\n  #text-2174732830 {\n    font-size: 3.5rem;\n    text-align: right;\n  }\n}\n<\/style>\n\t<\/div>\n\t\n\n\t\t<\/div>\n\t\t\t\t\t<\/div>\n\n\t\n\n\t<div id=\"col-669007760\" class=\"col medium-7 small-12 large-7\"  >\n\t\t\t\t<div class=\"col-inner\"  >\n\t\t\t\n\t\t\t\n\n\t<div id=\"text-2111793047\" class=\"text\">\n\t\t\n\n<p>Con las soluciones en BI puedes medir y procesar todos los datos de tu empresa. Esto te ayudar\u00e1 a una mejor elecci\u00f3n de acciones a ejecutar. Adem\u00e1s puedes anticiparte a tu competencia con pron\u00f3sticos y conocer las tendencias del mercado.<\/p>\n<p>En Execord somos expertos en Consultor\u00eda Business Intelligence, trabajamos con las mejores herramientas como lo son Power BI, Dynamics y Power Apps. A lo largo de estos a\u00f1os, hemos logrado conectar datos desde diversas fuentes e integrarlas a cualquier entorno empresarial.<\/p>\n\t\t\n<style>\n#text-2111793047 {\n  font-size: 1.2rem;\n  line-height: 1.3;\n}\n<\/style>\n\t<\/div>\n\t\n<a href=\"\/es\/quienes-somos\" class=\"button primary\"  style=\"border-radius:99px;\">\n\t\t<span>Quiero hacer una consulta en BI<\/span>\n\t<\/a>\n\n\n\n\t\t<\/div>\n\t\t\t\t\t<\/div>\n\n\t\n\n<\/div>\n\n\t\t<\/div>\n\n\t\t\n<style>\n#section_834050568 {\n  padding-top: 60px;\n  padding-bottom: 60px;\n  background-color: rgba(21, 62, 112, 0.05);\n}\n<\/style>\n\t<\/section>\n\t\n\n\t<div id=\"gap-485628189\" class=\"gap-element clearfix hidden\" style=\"display:block; height:auto;\">\n\t\t\n<style>\n#gap-485628189 {\n  padding-top: 60px;\n}\n<\/style>\n\t<\/div>\n\t\n","protected":false},"excerpt":{"rendered":"","protected":false},"author":2,"featured_media":0,"parent":0,"menu_order":0,"comment_status":"closed","ping_status":"closed","template":"page-blank.php","meta":{"inline_featured_image":false,"footnotes":""},"class_list":["post-192","page","type-page","status-publish","hentry"],"yoast_head":"<!-- This site is optimized with the Yoast SEO plugin v26.5 - https:\/\/yoast.com\/wordpress\/plugins\/seo\/ -->\n<title>Execord | Business Intelligence | Data Analyst<\/title>\n<meta name=\"description\" content=\"En Execord brindamos soluciones integrales para tu empresa. Con nuestro servicio de Business Intelligence y Analytics podr\u00e1s tomar mejores decisiones, basadas en datos.\" \/>\n<meta name=\"robots\" content=\"index, follow, max-snippet:-1, max-image-preview:large, max-video-preview:-1\" \/>\n<link rel=\"canonical\" href=\"https:\/\/www.execord.com\/es\/business-intelligence\/\" \/>\n<meta property=\"og:locale\" content=\"es_ES\" \/>\n<meta property=\"og:type\" content=\"article\" \/>\n<meta property=\"og:title\" content=\"Execord | Business Intelligence | Data Analyst\" \/>\n<meta property=\"og:description\" content=\"En Execord brindamos soluciones integrales para tu empresa. Con nuestro servicio de Business Intelligence y Analytics podr\u00e1s tomar mejores decisiones, basadas en datos.\" \/>\n<meta property=\"og:url\" content=\"https:\/\/www.execord.com\/es\/business-intelligence\/\" \/>\n<meta property=\"og:site_name\" content=\"Execord ES\" \/>\n<meta property=\"article:modified_time\" content=\"2022-12-12T17:37:32+00:00\" \/>\n<meta name=\"twitter:card\" content=\"summary_large_image\" \/>\n<meta name=\"twitter:label1\" content=\"Tiempo de lectura\" \/>\n\t<meta name=\"twitter:data1\" content=\"3 minutos\" \/>\n<script type=\"application\/ld+json\" class=\"yoast-schema-graph\">{\"@context\":\"https:\/\/schema.org\",\"@graph\":[{\"@type\":\"WebPage\",\"@id\":\"https:\/\/www.execord.com\/es\/business-intelligence\/\",\"url\":\"https:\/\/www.execord.com\/es\/business-intelligence\/\",\"name\":\"Execord | Business Intelligence | Data Analyst\",\"isPartOf\":{\"@id\":\"https:\/\/www.execord.com\/es\/#website\"},\"datePublished\":\"2022-11-29T07:54:45+00:00\",\"dateModified\":\"2022-12-12T17:37:32+00:00\",\"description\":\"En Execord brindamos soluciones integrales para tu empresa. Con nuestro servicio de Business Intelligence y Analytics podr\u00e1s tomar mejores decisiones, basadas en datos.\",\"breadcrumb\":{\"@id\":\"https:\/\/www.execord.com\/es\/business-intelligence\/#breadcrumb\"},\"inLanguage\":\"es-AR\",\"potentialAction\":[{\"@type\":\"ReadAction\",\"target\":[\"https:\/\/www.execord.com\/es\/business-intelligence\/\"]}]},{\"@type\":\"BreadcrumbList\",\"@id\":\"https:\/\/www.execord.com\/es\/business-intelligence\/#breadcrumb\",\"itemListElement\":[{\"@type\":\"ListItem\",\"position\":1,\"name\":\"Inicio\",\"item\":\"https:\/\/www.execord.com\/es\/\"},{\"@type\":\"ListItem\",\"position\":2,\"name\":\"Business Intelligence\"}]},{\"@type\":\"WebSite\",\"@id\":\"https:\/\/www.execord.com\/es\/#website\",\"url\":\"https:\/\/www.execord.com\/es\/\",\"name\":\"Execord ES\",\"description\":\"Consultores en negocios\",\"potentialAction\":[{\"@type\":\"SearchAction\",\"target\":{\"@type\":\"EntryPoint\",\"urlTemplate\":\"https:\/\/www.execord.com\/es\/?s={search_term_string}\"},\"query-input\":{\"@type\":\"PropertyValueSpecification\",\"valueRequired\":true,\"valueName\":\"search_term_string\"}}],\"inLanguage\":\"es-AR\"}]}<\/script>\n<!-- \/ Yoast SEO plugin. -->","yoast_head_json":{"title":"Execord | Business Intelligence | Data Analyst","description":"En Execord brindamos soluciones integrales para tu empresa. Con nuestro servicio de Business Intelligence y Analytics podr\u00e1s tomar mejores decisiones, basadas en datos.","robots":{"index":"index","follow":"follow","max-snippet":"max-snippet:-1","max-image-preview":"max-image-preview:large","max-video-preview":"max-video-preview:-1"},"canonical":"https:\/\/www.execord.com\/es\/business-intelligence\/","og_locale":"es_ES","og_type":"article","og_title":"Execord | Business Intelligence | Data Analyst","og_description":"En Execord brindamos soluciones integrales para tu empresa. Con nuestro servicio de Business Intelligence y Analytics podr\u00e1s tomar mejores decisiones, basadas en datos.","og_url":"https:\/\/www.execord.com\/es\/business-intelligence\/","og_site_name":"Execord ES","article_modified_time":"2022-12-12T17:37:32+00:00","twitter_card":"summary_large_image","twitter_misc":{"Tiempo de lectura":"3 minutos"},"schema":{"@context":"https:\/\/schema.org","@graph":[{"@type":"WebPage","@id":"https:\/\/www.execord.com\/es\/business-intelligence\/","url":"https:\/\/www.execord.com\/es\/business-intelligence\/","name":"Execord | Business Intelligence | Data Analyst","isPartOf":{"@id":"https:\/\/www.execord.com\/es\/#website"},"datePublished":"2022-11-29T07:54:45+00:00","dateModified":"2022-12-12T17:37:32+00:00","description":"En Execord brindamos soluciones integrales para tu empresa. Con nuestro servicio de Business Intelligence y Analytics podr\u00e1s tomar mejores decisiones, basadas en datos.","breadcrumb":{"@id":"https:\/\/www.execord.com\/es\/business-intelligence\/#breadcrumb"},"inLanguage":"es-AR","potentialAction":[{"@type":"ReadAction","target":["https:\/\/www.execord.com\/es\/business-intelligence\/"]}]},{"@type":"BreadcrumbList","@id":"https:\/\/www.execord.com\/es\/business-intelligence\/#breadcrumb","itemListElement":[{"@type":"ListItem","position":1,"name":"Inicio","item":"https:\/\/www.execord.com\/es\/"},{"@type":"ListItem","position":2,"name":"Business Intelligence"}]},{"@type":"WebSite","@id":"https:\/\/www.execord.com\/es\/#website","url":"https:\/\/www.execord.com\/es\/","name":"Execord ES","description":"Consultores en negocios","potentialAction":[{"@type":"SearchAction","target":{"@type":"EntryPoint","urlTemplate":"https:\/\/www.execord.com\/es\/?s={search_term_string}"},"query-input":{"@type":"PropertyValueSpecification","valueRequired":true,"valueName":"search_term_string"}}],"inLanguage":"es-AR"}]}},"_links":{"self":[{"href":"https:\/\/www.execord.com\/es\/wp-json\/wp\/v2\/pages\/192","targetHints":{"allow":["GET"]}}],"collection":[{"href":"https:\/\/www.execord.com\/es\/wp-json\/wp\/v2\/pages"}],"about":[{"href":"https:\/\/www.execord.com\/es\/wp-json\/wp\/v2\/types\/page"}],"author":[{"embeddable":true,"href":"https:\/\/www.execord.com\/es\/wp-json\/wp\/v2\/users\/2"}],"replies":[{"embeddable":true,"href":"https:\/\/www.execord.com\/es\/wp-json\/wp\/v2\/comments?post=192"}],"version-history":[{"count":40,"href":"https:\/\/www.execord.com\/es\/wp-json\/wp\/v2\/pages\/192\/revisions"}],"predecessor-version":[{"id":473,"href":"https:\/\/www.execord.com\/es\/wp-json\/wp\/v2\/pages\/192\/revisions\/473"}],"wp:attachment":[{"href":"https:\/\/www.execord.com\/es\/wp-json\/wp\/v2\/media?parent=192"}],"curies":[{"name":"wp","href":"https:\/\/api.w.org\/{rel}","templated":true}]}}