{"id":237,"date":"2022-11-29T16:38:15","date_gmt":"2022-11-29T19:38:15","guid":{"rendered":"https:\/\/www.execord.com\/es\/?page_id=237"},"modified":"2022-12-12T14:37:00","modified_gmt":"2022-12-12T17:37:00","slug":"quienes-somos","status":"publish","type":"page","link":"https:\/\/www.execord.com\/es\/quienes-somos\/","title":{"rendered":"Quienes Somos"},"content":{"rendered":"\n\n\t<section class=\"section whoweare_intro\" id=\"section_2146239305\">\n\t\t<div class=\"section-bg fill\" >\n\t\t\t\t\t\t\t\t\t\n\t\t\t\n\n\t\t<\/div>\n\n\t\t\n\n\t\t<div class=\"section-content relative\">\n\t\t\t\n\n<div class=\"row\"  id=\"row-1097674690\">\n\n\n\t<div id=\"col-1566801873\" class=\"col medium-7 small-12 large-7\"  >\n\t\t\t\t<div class=\"col-inner\"  >\n\t\t\t\n\t\t\t\n\n\t<div id=\"gap-67764680\" class=\"gap-element clearfix hide-for-small\" style=\"display:block; height:auto;\">\n\t\t\n<style>\n#gap-67764680 {\n  padding-top: 25px;\n}\n@media (min-width:550px) {\n  #gap-67764680 {\n    padding-top: 30px;\n  }\n}\n<\/style>\n\t<\/div>\n\t\n\n<h1>\u00bfQui\u00e9nes somos en Execord?<\/h1>\n\t<div id=\"text-3626265208\" class=\"text\">\n\t\t\n\n<h2><strong>Expertos en Business Intelligence<\/strong><\/h2>\n\t\t\n<style>\n#text-3626265208 {\n  font-size: 1.4rem;\n  line-height: 1.4;\n}\n<\/style>\n\t<\/div>\n\t\n\t<div id=\"text-2624209954\" class=\"text\">\n\t\t\n\n<p>Ayudamos a nuestros clientes a transformar y visualizar los datos de sus negocios, con herramientas innovadoras y dashboard personalizados.<\/p>\n\t\t\n<style>\n#text-2624209954 {\n  font-size: 1.35rem;\n  line-height: 1.4;\n}\n<\/style>\n\t<\/div>\n\t\n<a href=\"#values\" class=\"button primary\"  style=\"border-radius:99px;\">\n\t\t<span>Conocenos<\/span>\n\t<\/a>\n\n\n\n\t\t<\/div>\n\t\t\t\t\n<style>\n#col-1566801873 > .col-inner {\n  padding: 0px 0px 0px 0px;\n}\n@media (min-width:550px) {\n  #col-1566801873 > .col-inner {\n    padding: 0px 0px 0px 65px;\n  }\n}\n<\/style>\n\t<\/div>\n\n\t\n\n\t<div id=\"col-2014690250\" class=\"col medium-5 small-12 large-5 small-col-first\"  >\n\t\t\t\t<div class=\"col-inner\"  >\n\t\t\t\n\t\t\t\n\n\t<div class=\"img has-hover show-for-small x md-x lg-x y md-y lg-y\" id=\"image_896197898\">\n\t\t\t\t\t\t\t\t<div class=\"img-inner dark\" >\n\t\t\t<img loading=\"lazy\" decoding=\"async\" width=\"864\" height=\"465\" src=\"https:\/\/www.execord.com\/es\/wp-content\/uploads\/sites\/2\/2022\/11\/whoweare_bg-intro.png\" class=\"attachment-original size-original\" alt=\"\" srcset=\"https:\/\/www.execord.com\/es\/wp-content\/uploads\/sites\/2\/2022\/11\/whoweare_bg-intro.png 864w, https:\/\/www.execord.com\/es\/wp-content\/uploads\/sites\/2\/2022\/11\/whoweare_bg-intro-300x161.png 300w, https:\/\/www.execord.com\/es\/wp-content\/uploads\/sites\/2\/2022\/11\/whoweare_bg-intro-768x413.png 768w\" sizes=\"auto, (max-width: 864px) 100vw, 864px\" \/>\t\t\t\t\t\t\n\t\t\t\t\t<\/div>\n\t\t\t\t\t\t\t\t\n<style>\n#image_896197898 {\n  width: 100%;\n}\n<\/style>\n\t<\/div>\n\t\n\n\n\t\t<\/div>\n\t\t\t\t\t<\/div>\n\n\t\n\n<\/div>\n\n\t\t<\/div>\n\n\t\t\n<style>\n#section_2146239305 {\n  padding-top: 0px;\n  padding-bottom: 0px;\n}\n<\/style>\n\t<\/section>\n\t\n\n\n\t<section class=\"section whoweare_about\" id=\"section_962669773\">\n\t\t<div class=\"section-bg fill\" >\n\t\t\t\t\t\t\t\t\t\n\t\t\t\n\n\t\t<\/div>\n\n\t\t\n\n\t\t<div class=\"section-content relative\">\n\t\t\t\n\n<div class=\"row row-small\"  id=\"row-1063103817\">\n\n\n\t<div id=\"col-1644511268\" class=\"col hide-for-small medium-2 small-12 large-2\"  >\n\t\t\t\t<div class=\"col-inner\"  >\n\t\t\t\n\t\t\t\n\n\n\t\t<\/div>\n\t\t\t\t\t<\/div>\n\n\t\n\n\t<div id=\"col-945329142\" class=\"col medium-2 small-12 large-2\"  >\n\t\t\t\t<div class=\"col-inner\"  >\n\t\t\t\n\t\t\t\n\n\t<div id=\"text-45465386\" class=\"text fw_800\">\n\t\t\n\n<h2 style=\"line-height: 1;\">Sobre nosotros<\/h2>\n\t\t\n<style>\n#text-45465386 {\n  font-size: 1.7rem;\n  text-align: left;\n  color: #6ff1d8;\n}\n#text-45465386 > * {\n  color: #6ff1d8;\n}\n@media (min-width:550px) {\n  #text-45465386 {\n    text-align: right;\n  }\n}\n<\/style>\n\t<\/div>\n\t\n\n\t\t<\/div>\n\t\t\t\t\t<\/div>\n\n\t\n\n\t<div id=\"col-426499458\" class=\"col medium-7 small-12 large-7\"  >\n\t\t\t\t<div class=\"col-inner\"  >\n\t\t\t\n\t\t\t\n\n<p>Somos una empresa que naci\u00f3 en Argentina con la ilusi\u00f3n de crecer d\u00eda a d\u00eda. Hoy logramos brindar servicios para todo Am\u00e9rica, incluido Estados Unidos.<\/p>\n<p>Nuestro objetivo siempre fue claro, darle valor agregado a los datos de nuestros clientes, para que puedan comprender que sucede en su empresa y tomar decisiones m\u00e1s acertadas.<\/p>\n\n\t\t<\/div>\n\t\t\t\t\t<\/div>\n\n\t\n\n<\/div>\n<div class=\"row row-large align-middle\"  id=\"row-1681384981\">\n\n\n\t<div id=\"col-1707102226\" class=\"col medium-4 small-12 large-4\"  >\n\t\t\t\t<div class=\"col-inner text-center\"  >\n\t\t\t\n\t\t\t\n\n\t<div class=\"img has-hover x md-x lg-x y md-y lg-y\" id=\"image_2053964348\">\n\t\t\t\t\t\t\t\t<div class=\"img-inner dark\" >\n\t\t\t<img loading=\"lazy\" decoding=\"async\" width=\"232\" height=\"242\" src=\"https:\/\/www.execord.com\/es\/wp-content\/uploads\/sites\/2\/2022\/12\/team-exe.png\" class=\"attachment-original size-original\" alt=\"\" \/>\t\t\t\t\t\t\n\t\t\t\t\t<\/div>\n\t\t\t\t\t\t\t\t\n<style>\n#image_2053964348 {\n  width: 50%;\n}\n@media (min-width:550px) {\n  #image_2053964348 {\n    width: 50%;\n  }\n}\n<\/style>\n\t<\/div>\n\t\n\n\t<div id=\"gap-1328006675\" class=\"gap-element clearfix\" style=\"display:block; height:auto;\">\n\t\t\n<style>\n#gap-1328006675 {\n  padding-top: 35px;\n}\n<\/style>\n\t<\/div>\n\t\n\n\n\t\t<\/div>\n\t\t\t\t\t<\/div>\n\n\t\n\n\t<div id=\"col-1963454879\" class=\"col medium-2 small-12 large-2\"  >\n\t\t\t\t<div class=\"col-inner\"  >\n\t\t\t\n\t\t\t\n\n\t<div id=\"text-2243708167\" class=\"text fw_800\">\n\t\t\n\n<h2>Nuestro equipo<\/h2>\n\t\t\n<style>\n#text-2243708167 {\n  font-size: 1.5rem;\n  text-align: center;\n}\n<\/style>\n\t<\/div>\n\t\n\n\t\t<\/div>\n\t\t\t\t\t<\/div>\n\n\t\n\n\t<div id=\"col-1222664483\" class=\"col medium-5 small-12 large-5\"  >\n\t\t\t\t<div class=\"col-inner\"  >\n\t\t\t\n\t\t\t\n\n\t<div id=\"text-919298464\" class=\"text\">\n\t\t\n\n<p>Nuestro equipo est\u00e1 conformado por profesionales en consultor\u00eda de inteligencia de negocios. Tenemos colaboradores dispuestos a ayudarte en la visualizaci\u00f3n, interpretaci\u00f3n y manejo de datos en tu negocio.<\/p>\n\t\t\n<style>\n#text-919298464 {\n  text-align: center;\n}\n@media (min-width:550px) {\n  #text-919298464 {\n    text-align: left;\n  }\n}\n<\/style>\n\t<\/div>\n\t\n\n\t\t<\/div>\n\t\t\t\t\n<style>\n#col-1222664483 > .col-inner {\n  padding: 0px 0px 0px 0px;\n  margin: -30px 0px 0px 0px;\n}\n@media (min-width:550px) {\n  #col-1222664483 > .col-inner {\n    padding: 30px 0px 0px 0px;\n  }\n}\n<\/style>\n\t<\/div>\n\n\t\n\n<\/div>\n\n\t\t<\/div>\n\n\t\t\n<style>\n#section_962669773 {\n  padding-top: 0px;\n  padding-bottom: 0px;\n}\n@media (min-width:550px) {\n  #section_962669773 {\n    padding-top: 90px;\n    padding-bottom: 90px;\n  }\n}\n<\/style>\n\t<\/section>\n\t\n<span class=\"scroll-to\" data-label=\"Scroll to: #values\" data-bullet=\"false\" data-link=\"#values\" data-title=\"values\" ><a name=\"values\"><\/a><\/span>\n\n\t<div id=\"gap-895197860\" class=\"gap-element clearfix hide-for-small\" style=\"display:block; height:auto;\">\n\t\t\n<style>\n#gap-895197860 {\n  padding-top: 30px;\n}\n<\/style>\n\t<\/div>\n\t\n\n\n\t<section class=\"section whoweare_values\" id=\"section_1493919070\">\n\t\t<div class=\"section-bg fill\" >\n\t\t\t\t\t\t\t\t\t\n\t\t\t\n\n\t\t<\/div>\n\n\t\t\n\n\t\t<div class=\"section-content relative\">\n\t\t\t\n\n<div class=\"row align-center\"  id=\"row-1199652539\">\n\n\n\t<div id=\"col-998806559\" class=\"col small-12 large-12\"  >\n\t\t\t\t<div class=\"col-inner text-center\"  >\n\t\t\t\n\t\t\t\n\n\t<div id=\"text-2040795942\" class=\"text fw_800\">\n\t\t\n\n<h2>Nuestros Valores<\/h2>\n\t\t\n<style>\n#text-2040795942 {\n  font-size: 2rem;\n  text-align: center;\n}\n<\/style>\n\t<\/div>\n\t\n\t<div id=\"text-1377104262\" class=\"text\">\n\t\t\n\n<p>En Execord queremos darle el mayor valor agregado a nuestros clientes. Nuestro fin no es actuar como un mero proveedor m\u00e1s de servicios, si no ser compa\u00f1eros (partners) y crecer en conjunto.<\/p>\n\t\t\n<style>\n#text-1377104262 {\n  font-size: 1rem;\n  line-height: 1.25;\n  text-align: center;\n}\n@media (min-width:550px) {\n  #text-1377104262 {\n    font-size: 1.25rem;\n  }\n}\n<\/style>\n\t<\/div>\n\t\n\n\t\t<\/div>\n\t\t\t\t\n<style>\n#col-998806559 > .col-inner {\n  padding: 0px 0px 0px 0px;\n}\n@media (min-width:550px) {\n  #col-998806559 > .col-inner {\n    padding: 0px 150px 0px 150px;\n  }\n}\n<\/style>\n\t<\/div>\n\n\t\n\n<\/div>\n<div class=\"row align-equal\"  id=\"row-1466054449\">\n\n\n\t<div id=\"col-1647261317\" class=\"col box-values medium-4 small-12 large-4\"  >\n\t\t\t\t<div class=\"col-inner text-center\"  >\n\t\t\t\n\t\t\t\n\n\t<div id=\"text-969060510\" class=\"text fw_800\">\n\t\t\n\n<h3>Transparencia y confianza<\/h3>\n\t\t\n<style>\n#text-969060510 {\n  text-align: center;\n  color: #6ff1d8;\n}\n#text-969060510 > * {\n  color: #6ff1d8;\n}\n<\/style>\n\t<\/div>\n\t\n\t<div id=\"text-842472184\" class=\"text\">\n\t\t\n\n<p>No buscamos vender algo que no somos. Desde el primer momento compartimos con claridad qu\u00e9 hacemos, qu\u00e9 queremos saber de ti y tu negocio, para brindarte el mejor asesoramiento posible. Queremos que conf\u00eden en nosotros y en lo que hacemos.<\/p>\n\t\t\n<style>\n#text-842472184 {\n  text-align: center;\n  color: rgb(255,255,255);\n}\n#text-842472184 > * {\n  color: rgb(255,255,255);\n}\n<\/style>\n\t<\/div>\n\t\n\n\t\t<\/div>\n\t\t\t\t\t<\/div>\n\n\t\n\n\t<div id=\"col-1455618146\" class=\"col box-values medium-4 small-12 large-4\"  >\n\t\t\t\t<div class=\"col-inner text-center\"  >\n\t\t\t\n\t\t\t\n\n\t<div id=\"text-1513059577\" class=\"text fw_800\">\n\t\t\n\n<h3>Excelencia y calidad<\/h3>\n\t\t\n<style>\n#text-1513059577 {\n  text-align: center;\n  color: #6ff1d8;\n}\n#text-1513059577 > * {\n  color: #6ff1d8;\n}\n<\/style>\n\t<\/div>\n\t\n\t<div id=\"text-3580925993\" class=\"text\">\n\t\t\n\n<p>Ante todo, buscamos entregar un producto fiable con altos est\u00e1ndares de calidad y trabajo. Nuestro profesionales est\u00e1n listos para realizar el mejor servicio posible. Si algo no es lo suficientemente bueno, lo revisamos y lo mejoramos. Lo \u00fanico que buscamos es aportar soluciones que encajen con tus necesidades.<\/p>\n\t\t\n<style>\n#text-3580925993 {\n  text-align: center;\n  color: rgb(255,255,255);\n}\n#text-3580925993 > * {\n  color: rgb(255,255,255);\n}\n<\/style>\n\t<\/div>\n\t\n\n\t\t<\/div>\n\t\t\t\t\t<\/div>\n\n\t\n\n\t<div id=\"col-111585022\" class=\"col box-values medium-4 small-12 large-4\"  >\n\t\t\t\t<div class=\"col-inner text-center\"  >\n\t\t\t\n\t\t\t\n\n\t<div id=\"text-1657024196\" class=\"text fw_800\">\n\t\t\n\n<h3>Crecer y compartir<\/h3>\n\t\t\n<style>\n#text-1657024196 {\n  text-align: center;\n  color: #6ff1d8;\n}\n#text-1657024196 > * {\n  color: #6ff1d8;\n}\n<\/style>\n\t<\/div>\n\t\n\t<div id=\"text-4018642984\" class=\"text\">\n\t\t\n\n<p>Queremos que tu negocio crezca gracias al conocimiento, experiencia y compromiso que compartimos con nuestros clientes. Queremos cumplir con las metas propuestas y obtener los mejores resultados con la \u00faltima tecnolog\u00eda.<\/p>\n\t\t\n<style>\n#text-4018642984 {\n  text-align: center;\n  color: rgb(255,255,255);\n}\n#text-4018642984 > * {\n  color: rgb(255,255,255);\n}\n<\/style>\n\t<\/div>\n\t\n\n\t\t<\/div>\n\t\t\t\t\t<\/div>\n\n\t\n\n\n<style>\n#row-1466054449 > .col > .col-inner {\n  padding: 35px 40px 35px 40px;\n  background-color: #153e70;\n  border-radius: 15px;\n}\n<\/style>\n<\/div>\n\t<div id=\"gap-489328496\" class=\"gap-element clearfix hidden\" style=\"display:block; height:auto;\">\n\t\t\n<style>\n#gap-489328496 {\n  padding-top: 60px;\n}\n<\/style>\n\t<\/div>\n\t\n\n\n\t\t<\/div>\n\n\t\t\n<style>\n#section_1493919070 {\n  padding-top: 0px;\n  padding-bottom: 0px;\n}\n@media (min-width:550px) {\n  #section_1493919070 {\n    padding-top: 30px;\n    padding-bottom: 30px;\n  }\n}\n<\/style>\n\t<\/section>\n\t\n\n\n\t<section class=\"section whoweare_form\" id=\"section_1831689847\">\n\t\t<div class=\"section-bg fill\" >\n\t\t\t\t\t\t\t\t\t\n\t\t\t\n\n\t\t<\/div>\n\n\t\t\n\n\t\t<div class=\"section-content relative\">\n\t\t\t\n\n<div class=\"row row-large\"  id=\"row-2038142026\">\n\n\n\t<div id=\"col-97950186\" class=\"col medium-5 small-12 large-5\"  >\n\t\t\t\t<div class=\"col-inner\"  >\n\t\t\t\n\t\t\t\n\n\t<div id=\"text-2599926665\" class=\"text fw_800\">\n\t\t\n\n<h2>Si quieres expertos  en BI, contactanos<\/h2>\n\t\t\n<style>\n#text-2599926665 {\n  font-size: 1.95rem;\n  color: #2369bd;\n}\n#text-2599926665 > * {\n  color: #2369bd;\n}\n<\/style>\n\t<\/div>\n\t\n\n\t\t<\/div>\n\t\t\t\t\t<\/div>\n\n\t\n\n\t<div id=\"col-1663079231\" class=\"col medium-6 small-12 large-6\"  >\n\t\t\t\t<div class=\"col-inner\"  >\n\t\t\t\n\t\t\t\n\n\n<div class=\"wpcf7 no-js\" id=\"wpcf7-f18-o1\" lang=\"es-AR\" dir=\"ltr\" data-wpcf7-id=\"18\">\n<div class=\"screen-reader-response\"><p role=\"status\" aria-live=\"polite\" aria-atomic=\"true\"><\/p> <ul><\/ul><\/div>\n<form action=\"\/es\/wp-json\/wp\/v2\/pages\/237#wpcf7-f18-o1\" method=\"post\" class=\"wpcf7-form init\" aria-label=\"Formulario de contacto\" novalidate=\"novalidate\" data-status=\"init\">\n<fieldset class=\"hidden-fields-container\"><input type=\"hidden\" name=\"_wpcf7\" value=\"18\" \/><input type=\"hidden\" name=\"_wpcf7_version\" value=\"6.1.4\" \/><input type=\"hidden\" name=\"_wpcf7_locale\" value=\"es_AR\" \/><input type=\"hidden\" name=\"_wpcf7_unit_tag\" value=\"wpcf7-f18-o1\" \/><input type=\"hidden\" name=\"_wpcf7_container_post\" value=\"0\" \/><input type=\"hidden\" name=\"_wpcf7_posted_data_hash\" value=\"\" \/><input type=\"hidden\" name=\"_wpcf7_recaptcha_response\" value=\"\" \/>\n<\/fieldset>\n<p><label><span class=\"wpcf7-form-control-wrap\" data-name=\"execord-name\"><input size=\"40\" maxlength=\"400\" class=\"wpcf7-form-control wpcf7-text wpcf7-validates-as-required\" aria-required=\"true\" aria-invalid=\"false\" placeholder=\"Nombre y Apellido\" value=\"\" type=\"text\" name=\"execord-name\" \/><\/span><\/label><br \/>\n<label><span class=\"wpcf7-form-control-wrap\" data-name=\"execord-phone\"><input size=\"40\" maxlength=\"400\" class=\"wpcf7-form-control wpcf7-tel wpcf7-validates-as-required wpcf7-text wpcf7-validates-as-tel\" aria-required=\"true\" aria-invalid=\"false\" placeholder=\"Telefono\" value=\"\" type=\"tel\" name=\"execord-phone\" \/><\/span><\/label><br \/>\n<label><span class=\"wpcf7-form-control-wrap\" data-name=\"execord-email\"><input size=\"40\" maxlength=\"400\" class=\"wpcf7-form-control wpcf7-email wpcf7-validates-as-required wpcf7-text wpcf7-validates-as-email\" aria-required=\"true\" aria-invalid=\"false\" placeholder=\"Email\" value=\"\" type=\"email\" name=\"execord-email\" \/><\/span><\/label><br \/>\n<label><span class=\"wpcf7-form-control-wrap\" data-name=\"execord-company\"><input size=\"40\" maxlength=\"400\" class=\"wpcf7-form-control wpcf7-text wpcf7-validates-as-required\" aria-required=\"true\" aria-invalid=\"false\" placeholder=\"Empresa\" value=\"\" type=\"text\" name=\"execord-company\" \/><\/span><\/label><br \/>\n<label><span class=\"wpcf7-form-control-wrap\" data-name=\"execord-message\"><textarea cols=\"40\" rows=\"10\" maxlength=\"2000\" class=\"wpcf7-form-control wpcf7-textarea\" aria-invalid=\"false\" placeholder=\"Mensaje\" name=\"execord-message\"><\/textarea><\/span><\/label><br \/>\n<input class=\"wpcf7-form-control wpcf7-submit has-spinner\" type=\"submit\" value=\"Enviar\" \/>\n<\/p><div class=\"wpcf7-response-output\" aria-hidden=\"true\"><\/div>\n<\/form>\n<\/div>\n\n\n\n\t\t<\/div>\n\t\t\t\t\t<\/div>\n\n\t\n\n<\/div>\n\n\t\t<\/div>\n\n\t\t\n<style>\n#section_1831689847 {\n  padding-top: 60px;\n  padding-bottom: 60px;\n}\n<\/style>\n\t<\/section>\n\t\n","protected":false},"excerpt":{"rendered":"","protected":false},"author":2,"featured_media":0,"parent":0,"menu_order":0,"comment_status":"closed","ping_status":"closed","template":"page-blank.php","meta":{"inline_featured_image":false,"footnotes":""},"class_list":["post-237","page","type-page","status-publish","hentry"],"yoast_head":"<!-- This site is optimized with the Yoast SEO plugin v26.5 - https:\/\/yoast.com\/wordpress\/plugins\/seo\/ -->\n<title>\u00bfQuienes Somos? | Execord | Consultoria BI<\/title>\n<meta name=\"description\" content=\"Somos Execord, consultores en Business Intelligence y Analytics. Te Ayudamos a visualizar datos y transformarlos en mejores decisiones.Conoce m\u00e1s de nosotros y nuestro servicio aqu\u00ed.\" \/>\n<meta name=\"robots\" content=\"index, follow, max-snippet:-1, max-image-preview:large, max-video-preview:-1\" \/>\n<link rel=\"canonical\" href=\"https:\/\/www.execord.com\/es\/quienes-somos\/\" \/>\n<meta property=\"og:locale\" content=\"es_ES\" \/>\n<meta property=\"og:type\" content=\"article\" \/>\n<meta property=\"og:title\" content=\"\u00bfQuienes Somos? | Execord | Consultoria BI\" \/>\n<meta property=\"og:description\" content=\"Somos Execord, consultores en Business Intelligence y Analytics. Te Ayudamos a visualizar datos y transformarlos en mejores decisiones.Conoce m\u00e1s de nosotros y nuestro servicio aqu\u00ed.\" \/>\n<meta property=\"og:url\" content=\"https:\/\/www.execord.com\/es\/quienes-somos\/\" \/>\n<meta property=\"og:site_name\" content=\"Execord ES\" \/>\n<meta property=\"article:modified_time\" content=\"2022-12-12T17:37:00+00:00\" \/>\n<meta name=\"twitter:card\" content=\"summary_large_image\" \/>\n<meta name=\"twitter:label1\" content=\"Tiempo de lectura\" \/>\n\t<meta name=\"twitter:data1\" content=\"3 minutos\" \/>\n<script type=\"application\/ld+json\" class=\"yoast-schema-graph\">{\"@context\":\"https:\/\/schema.org\",\"@graph\":[{\"@type\":\"WebPage\",\"@id\":\"https:\/\/www.execord.com\/es\/quienes-somos\/\",\"url\":\"https:\/\/www.execord.com\/es\/quienes-somos\/\",\"name\":\"\u00bfQuienes Somos? | Execord | Consultoria BI\",\"isPartOf\":{\"@id\":\"https:\/\/www.execord.com\/es\/#website\"},\"datePublished\":\"2022-11-29T19:38:15+00:00\",\"dateModified\":\"2022-12-12T17:37:00+00:00\",\"description\":\"Somos Execord, consultores en Business Intelligence y Analytics. Te Ayudamos a visualizar datos y transformarlos en mejores decisiones.Conoce m\u00e1s de nosotros y nuestro servicio aqu\u00ed.\",\"breadcrumb\":{\"@id\":\"https:\/\/www.execord.com\/es\/quienes-somos\/#breadcrumb\"},\"inLanguage\":\"es-AR\",\"potentialAction\":[{\"@type\":\"ReadAction\",\"target\":[\"https:\/\/www.execord.com\/es\/quienes-somos\/\"]}]},{\"@type\":\"BreadcrumbList\",\"@id\":\"https:\/\/www.execord.com\/es\/quienes-somos\/#breadcrumb\",\"itemListElement\":[{\"@type\":\"ListItem\",\"position\":1,\"name\":\"Inicio\",\"item\":\"https:\/\/www.execord.com\/es\/\"},{\"@type\":\"ListItem\",\"position\":2,\"name\":\"Quienes Somos\"}]},{\"@type\":\"WebSite\",\"@id\":\"https:\/\/www.execord.com\/es\/#website\",\"url\":\"https:\/\/www.execord.com\/es\/\",\"name\":\"Execord ES\",\"description\":\"Consultores en negocios\",\"potentialAction\":[{\"@type\":\"SearchAction\",\"target\":{\"@type\":\"EntryPoint\",\"urlTemplate\":\"https:\/\/www.execord.com\/es\/?s={search_term_string}\"},\"query-input\":{\"@type\":\"PropertyValueSpecification\",\"valueRequired\":true,\"valueName\":\"search_term_string\"}}],\"inLanguage\":\"es-AR\"}]}<\/script>\n<!-- \/ Yoast SEO plugin. -->","yoast_head_json":{"title":"\u00bfQuienes Somos? | Execord | Consultoria BI","description":"Somos Execord, consultores en Business Intelligence y Analytics. Te Ayudamos a visualizar datos y transformarlos en mejores decisiones.Conoce m\u00e1s de nosotros y nuestro servicio aqu\u00ed.","robots":{"index":"index","follow":"follow","max-snippet":"max-snippet:-1","max-image-preview":"max-image-preview:large","max-video-preview":"max-video-preview:-1"},"canonical":"https:\/\/www.execord.com\/es\/quienes-somos\/","og_locale":"es_ES","og_type":"article","og_title":"\u00bfQuienes Somos? | Execord | Consultoria BI","og_description":"Somos Execord, consultores en Business Intelligence y Analytics. Te Ayudamos a visualizar datos y transformarlos en mejores decisiones.Conoce m\u00e1s de nosotros y nuestro servicio aqu\u00ed.","og_url":"https:\/\/www.execord.com\/es\/quienes-somos\/","og_site_name":"Execord ES","article_modified_time":"2022-12-12T17:37:00+00:00","twitter_card":"summary_large_image","twitter_misc":{"Tiempo de lectura":"3 minutos"},"schema":{"@context":"https:\/\/schema.org","@graph":[{"@type":"WebPage","@id":"https:\/\/www.execord.com\/es\/quienes-somos\/","url":"https:\/\/www.execord.com\/es\/quienes-somos\/","name":"\u00bfQuienes Somos? | Execord | Consultoria BI","isPartOf":{"@id":"https:\/\/www.execord.com\/es\/#website"},"datePublished":"2022-11-29T19:38:15+00:00","dateModified":"2022-12-12T17:37:00+00:00","description":"Somos Execord, consultores en Business Intelligence y Analytics. Te Ayudamos a visualizar datos y transformarlos en mejores decisiones.Conoce m\u00e1s de nosotros y nuestro servicio aqu\u00ed.","breadcrumb":{"@id":"https:\/\/www.execord.com\/es\/quienes-somos\/#breadcrumb"},"inLanguage":"es-AR","potentialAction":[{"@type":"ReadAction","target":["https:\/\/www.execord.com\/es\/quienes-somos\/"]}]},{"@type":"BreadcrumbList","@id":"https:\/\/www.execord.com\/es\/quienes-somos\/#breadcrumb","itemListElement":[{"@type":"ListItem","position":1,"name":"Inicio","item":"https:\/\/www.execord.com\/es\/"},{"@type":"ListItem","position":2,"name":"Quienes Somos"}]},{"@type":"WebSite","@id":"https:\/\/www.execord.com\/es\/#website","url":"https:\/\/www.execord.com\/es\/","name":"Execord ES","description":"Consultores en negocios","potentialAction":[{"@type":"SearchAction","target":{"@type":"EntryPoint","urlTemplate":"https:\/\/www.execord.com\/es\/?s={search_term_string}"},"query-input":{"@type":"PropertyValueSpecification","valueRequired":true,"valueName":"search_term_string"}}],"inLanguage":"es-AR"}]}},"_links":{"self":[{"href":"https:\/\/www.execord.com\/es\/wp-json\/wp\/v2\/pages\/237","targetHints":{"allow":["GET"]}}],"collection":[{"href":"https:\/\/www.execord.com\/es\/wp-json\/wp\/v2\/pages"}],"about":[{"href":"https:\/\/www.execord.com\/es\/wp-json\/wp\/v2\/types\/page"}],"author":[{"embeddable":true,"href":"https:\/\/www.execord.com\/es\/wp-json\/wp\/v2\/users\/2"}],"replies":[{"embeddable":true,"href":"https:\/\/www.execord.com\/es\/wp-json\/wp\/v2\/comments?post=237"}],"version-history":[{"count":39,"href":"https:\/\/www.execord.com\/es\/wp-json\/wp\/v2\/pages\/237\/revisions"}],"predecessor-version":[{"id":452,"href":"https:\/\/www.execord.com\/es\/wp-json\/wp\/v2\/pages\/237\/revisions\/452"}],"wp:attachment":[{"href":"https:\/\/www.execord.com\/es\/wp-json\/wp\/v2\/media?parent=237"}],"curies":[{"name":"wp","href":"https:\/\/api.w.org\/{rel}","templated":true}]}}