{"id":271,"date":"2022-11-30T07:03:30","date_gmt":"2022-11-30T10:03:30","guid":{"rendered":"https:\/\/www.execord.com\/es\/?page_id=271"},"modified":"2022-12-12T10:25:02","modified_gmt":"2022-12-12T13:25:02","slug":"automation","status":"publish","type":"page","link":"https:\/\/www.execord.com\/es\/automation\/","title":{"rendered":"Automation"},"content":{"rendered":"\n\n\t<section class=\"section automation_intro\" id=\"section_94254432\">\n\t\t<div class=\"section-bg fill\" >\n\t\t\t\t\t\t\t\t\t\n\t\t\t\n\n\t\t<\/div>\n\n\t\t\n\n\t\t<div class=\"section-content relative\">\n\t\t\t\n\n<div class=\"row\"  id=\"row-1081088911\">\n\n\n\t<div id=\"col-342197434\" class=\"col medium-7 small-12 large-7\"  >\n\t\t\t\t<div class=\"col-inner\"  >\n\t\t\t\n\t\t\t\n\n\t<div id=\"gap-1312726388\" class=\"gap-element clearfix hide-for-small\" style=\"display:block; height:auto;\">\n\t\t\n<style>\n#gap-1312726388 {\n  padding-top: 25px;\n}\n@media (min-width:550px) {\n  #gap-1312726388 {\n    padding-top: 30px;\n  }\n}\n<\/style>\n\t<\/div>\n\t\n\n<h1>Automatizaci\u00f3n de tareas y procesos<\/h1>\n\t<div id=\"text-681591971\" class=\"text\">\n\t\t\n\n<p>Automatice sus procesos de negocio de manera inteligente con implementaciones \u00e1giles, apoyadas en la gesti\u00f3n del cambio empresarial.<\/p>\n\t\t\n<style>\n#text-681591971 {\n  font-size: 1.35rem;\n  line-height: 1.4;\n}\n<\/style>\n\t<\/div>\n\t\n<a href=\"\/es\/contacto\" class=\"button primary\"  style=\"border-radius:99px;\">\n\t\t<span>Contacta con Execord<\/span>\n\t<\/a>\n\n\n\n\t\t<\/div>\n\t\t\t\t\n<style>\n#col-342197434 > .col-inner {\n  padding: 0px 0px 0px 0px;\n}\n@media (min-width:550px) {\n  #col-342197434 > .col-inner {\n    padding: 0px 0px 0px 65px;\n  }\n}\n<\/style>\n\t<\/div>\n\n\t\n\n\t<div id=\"col-1573972745\" class=\"col medium-5 small-12 large-5 small-col-first\"  >\n\t\t\t\t<div class=\"col-inner\"  >\n\t\t\t\n\t\t\t\n\n\t<div class=\"img has-hover show-for-small x md-x lg-x y md-y lg-y\" id=\"image_334682770\">\n\t\t\t\t\t\t\t\t<div class=\"img-inner dark\" >\n\t\t\t<img loading=\"lazy\" decoding=\"async\" width=\"780\" height=\"500\" src=\"https:\/\/www.execord.com\/es\/wp-content\/uploads\/sites\/2\/2022\/11\/Group-133.png\" class=\"attachment-original size-original\" alt=\"\" srcset=\"https:\/\/www.execord.com\/es\/wp-content\/uploads\/sites\/2\/2022\/11\/Group-133.png 780w, https:\/\/www.execord.com\/es\/wp-content\/uploads\/sites\/2\/2022\/11\/Group-133-300x192.png 300w, https:\/\/www.execord.com\/es\/wp-content\/uploads\/sites\/2\/2022\/11\/Group-133-768x492.png 768w\" sizes=\"auto, (max-width: 780px) 100vw, 780px\" \/>\t\t\t\t\t\t\n\t\t\t\t\t<\/div>\n\t\t\t\t\t\t\t\t\n<style>\n#image_334682770 {\n  width: 100%;\n}\n<\/style>\n\t<\/div>\n\t\n\n\n\t\t<\/div>\n\t\t\t\t\t<\/div>\n\n\t\n\n<\/div>\n\n\t\t<\/div>\n\n\t\t\n<style>\n#section_94254432 {\n  padding-top: 0px;\n  padding-bottom: 0px;\n}\n<\/style>\n\t<\/section>\n\t\n\n\t<div id=\"gap-1240596652\" class=\"gap-element clearfix\" style=\"display:block; height:auto;\">\n\t\t\n<style>\n#gap-1240596652 {\n  padding-top: 30px;\n}\n@media (min-width:550px) {\n  #gap-1240596652 {\n    padding-top: 60px;\n  }\n}\n<\/style>\n\t<\/div>\n\t\n\n\n\t<section class=\"section\" id=\"section_1235325915\">\n\t\t<div class=\"section-bg fill\" >\n\t\t\t\t\t\t\t\t\t\n\t\t\t\n\n\t\t<\/div>\n\n\t\t\n\n\t\t<div class=\"section-content relative\">\n\t\t\t\n\n<div class=\"row align-middle\"  id=\"row-1060398432\">\n\n\n\t<div id=\"col-1171993866\" class=\"col medium-5 small-12 large-5\"  >\n\t\t\t\t<div class=\"col-inner\"  >\n\t\t\t\n\t\t\t\n\n\t<div id=\"text-2071414145\" class=\"text fw_800\">\n\t\t\n\n<h2>\u00bfQue es la automatizaci\u00f3n de tareas o procesos?<\/h2>\n\t\t\n<style>\n#text-2071414145 {\n  font-size: 1.5rem;\n  line-height: 1;\n  text-align: left;\n}\n<\/style>\n\t<\/div>\n\t\n\n\t\t<\/div>\n\t\t\t\t\t<\/div>\n\n\t\n\n\t<div id=\"col-575908810\" class=\"col medium-6 small-12 large-6\"  >\n\t\t\t\t<div class=\"col-inner\"  >\n\t\t\t\n\t\t\t\n\n\t<div id=\"text-443675707\" class=\"text\">\n\t\t\n\n<p>Automatizar procesos (RPA) consiste en utilizar un software para la automatizaci\u00f3n de tareas repetitivas a diario, realizadas por trabajadores de su empresa.<\/p>\n\t\t\n<style>\n#text-443675707 {\n  font-size: 1.15rem;\n  line-height: 1.25;\n}\n<\/style>\n\t<\/div>\n\t\n\n\t\t<\/div>\n\t\t\t\t\t<\/div>\n\n\t\n\n<\/div>\n\n\t\t<\/div>\n\n\t\t\n<style>\n#section_1235325915 {\n  padding-top: 30px;\n  padding-bottom: 30px;\n}\n<\/style>\n\t<\/section>\n\t\n\t<div id=\"gap-1096643237\" class=\"gap-element clearfix hide-for-small\" style=\"display:block; height:auto;\">\n\t\t\n<style>\n#gap-1096643237 {\n  padding-top: 30px;\n}\n@media (min-width:550px) {\n  #gap-1096643237 {\n    padding-top: 60px;\n  }\n}\n<\/style>\n\t<\/div>\n\t\n\n\n\t<section class=\"section automation_benefits\" id=\"section_1085218262\">\n\t\t<div class=\"section-bg fill\" >\n\t\t\t\t\t\t\t\t\t\n\t\t\t\n\n\t\t<\/div>\n\n\t\t\n\n\t\t<div class=\"section-content relative\">\n\t\t\t\n\n<div class=\"row row-large benefits-items\"  id=\"row-1925528132\">\n\n\n\t<div id=\"col-1230483616\" class=\"col medium-4 small-12 large-4\"  >\n\t\t\t\t<div class=\"col-inner text-center\"  >\n\t\t\t\n\t\t\t\n\n\t<div id=\"text-733428962\" class=\"text fw_800\">\n\t\t\n\n<h2>Beneficios<\/h2>\n\t\t\n<style>\n#text-733428962 {\n  font-size: 2rem;\n  line-height: 1;\n  color: #6ff1d8;\n}\n#text-733428962 > * {\n  color: #6ff1d8;\n}\n<\/style>\n\t<\/div>\n\t\n\n\t\t<\/div>\n\t\t\t\t\t<\/div>\n\n\t\n\n\t<div id=\"col-914182250\" class=\"col medium-4 small-12 large-4\"  >\n\t\t\t\t<div class=\"col-inner text-center\"  >\n\t\t\t\n\t\t\t\n\n\t<div class=\"img has-hover x md-x lg-x y md-y lg-y\" id=\"image_78159143\">\n\t\t\t\t\t\t\t\t<div class=\"img-inner dark\" >\n\t\t\t<img loading=\"lazy\" decoding=\"async\" width=\"99\" height=\"65\" src=\"https:\/\/www.execord.com\/es\/wp-content\/uploads\/sites\/2\/2022\/11\/Group-134.svg\" class=\"attachment-original size-original\" alt=\"\" \/>\t\t\t\t\t\t\n\t\t\t\t\t<\/div>\n\t\t\t\t\t\t\t\t\n<style>\n#image_78159143 {\n  width: 100%;\n}\n<\/style>\n\t<\/div>\n\t\n\n\t<div id=\"text-1079468836\" class=\"text fw_800\">\n\t\t\n\n<h3>Transformaci\u00f3n digital acelerada<\/h3>\n\t\t\n<style>\n#text-1079468836 {\n  font-size: 1.1rem;\n  color: #2369bd;\n}\n#text-1079468836 > * {\n  color: #2369bd;\n}\n<\/style>\n\t<\/div>\n\t\n\n\t\t<\/div>\n\t\t\t\t\t<\/div>\n\n\t\n\n\t<div id=\"col-1762320462\" class=\"col medium-4 small-12 large-4\"  >\n\t\t\t\t<div class=\"col-inner text-center\"  >\n\t\t\t\n\t\t\t\n\n\t<div class=\"img has-hover x md-x lg-x y md-y lg-y\" id=\"image_1310291069\">\n\t\t\t\t\t\t\t\t<div class=\"img-inner dark\" >\n\t\t\t<img loading=\"lazy\" decoding=\"async\" width=\"75\" height=\"92\" src=\"https:\/\/www.execord.com\/es\/wp-content\/uploads\/sites\/2\/2022\/11\/Group-135.svg\" class=\"attachment-original size-original\" alt=\"\" \/>\t\t\t\t\t\t\n\t\t\t\t\t<\/div>\n\t\t\t\t\t\t\t\t\n<style>\n#image_1310291069 {\n  width: 100%;\n}\n<\/style>\n\t<\/div>\n\t\n\n\t<div id=\"text-2575306475\" class=\"text fw_800\">\n\t\t\n\n<h3>Ahorro de dinero<\/h3>\n\t\t\n<style>\n#text-2575306475 {\n  font-size: 1.1rem;\n  color: #2369bd;\n}\n#text-2575306475 > * {\n  color: #2369bd;\n}\n<\/style>\n\t<\/div>\n\t\n\n\t\t<\/div>\n\t\t\t\t\t<\/div>\n\n\t\n\n\t<div id=\"col-632179967\" class=\"col medium-4 small-12 large-4\"  >\n\t\t\t\t<div class=\"col-inner text-center\"  >\n\t\t\t\n\t\t\t\n\n\t<div class=\"img has-hover x md-x lg-x y md-y lg-y\" id=\"image_1974541561\">\n\t\t\t\t\t\t\t\t<div class=\"img-inner dark\" >\n\t\t\t<img loading=\"lazy\" decoding=\"async\" width=\"96\" height=\"71\" src=\"https:\/\/www.execord.com\/es\/wp-content\/uploads\/sites\/2\/2022\/11\/Group-136.svg\" class=\"attachment-original size-original\" alt=\"\" \/>\t\t\t\t\t\t\n\t\t\t\t\t<\/div>\n\t\t\t\t\t\t\t\t\n<style>\n#image_1974541561 {\n  width: 100%;\n}\n<\/style>\n\t<\/div>\n\t\n\n\t<div id=\"text-502162814\" class=\"text fw_800\">\n\t\t\n\n<h3>Mejora en el rendimiento e incremento de la productividad<\/h3>\n\t\t\n<style>\n#text-502162814 {\n  font-size: 1.1rem;\n  color: #2369bd;\n}\n#text-502162814 > * {\n  color: #2369bd;\n}\n<\/style>\n\t<\/div>\n\t\n\n\t\t<\/div>\n\t\t\t\t\t<\/div>\n\n\t\n\n\t<div id=\"col-2084460293\" class=\"col medium-4 small-12 large-4\"  >\n\t\t\t\t<div class=\"col-inner text-center\"  >\n\t\t\t\n\t\t\t\n\n\t<div class=\"img has-hover x md-x lg-x y md-y lg-y\" id=\"image_2030853295\">\n\t\t\t\t\t\t\t\t<div class=\"img-inner dark\" >\n\t\t\t<img loading=\"lazy\" decoding=\"async\" width=\"111\" height=\"64\" src=\"https:\/\/www.execord.com\/es\/wp-content\/uploads\/sites\/2\/2022\/11\/Group-138.svg\" class=\"attachment-original size-original\" alt=\"\" \/>\t\t\t\t\t\t\n\t\t\t\t\t<\/div>\n\t\t\t\t\t\t\t\t\n<style>\n#image_2030853295 {\n  width: 100%;\n}\n<\/style>\n\t<\/div>\n\t\n\n\t<div id=\"text-3413002476\" class=\"text fw_800\">\n\t\t\n\n<h3>R\u00e1pida adaptaci\u00f3n a grandes plataformas<\/h3>\n\t\t\n<style>\n#text-3413002476 {\n  font-size: 1.1rem;\n  color: #2369bd;\n}\n#text-3413002476 > * {\n  color: #2369bd;\n}\n<\/style>\n\t<\/div>\n\t\n\n\t\t<\/div>\n\t\t\t\t\t<\/div>\n\n\t\n\n\t<div id=\"col-1372300627\" class=\"col medium-4 small-12 large-4\"  >\n\t\t\t\t<div class=\"col-inner text-center\"  >\n\t\t\t\n\t\t\t\n\n\t<div class=\"img has-hover x md-x lg-x y md-y lg-y\" id=\"image_822678575\">\n\t\t\t\t\t\t\t\t<div class=\"img-inner dark\" >\n\t\t\t<img loading=\"lazy\" decoding=\"async\" width=\"74\" height=\"61\" src=\"https:\/\/www.execord.com\/es\/wp-content\/uploads\/sites\/2\/2022\/11\/Group-137.svg\" class=\"attachment-original size-original\" alt=\"\" \/>\t\t\t\t\t\t\n\t\t\t\t\t<\/div>\n\t\t\t\t\t\t\t\t\n<style>\n#image_822678575 {\n  width: 100%;\n}\n<\/style>\n\t<\/div>\n\t\n\n\t<div id=\"text-1456665589\" class=\"text fw_800\">\n\t\t\n\n<h3>Reducci\u00f3n de tiempos y errores<\/h3>\n\t\t\n<style>\n#text-1456665589 {\n  font-size: 1.1rem;\n  color: #2369bd;\n}\n#text-1456665589 > * {\n  color: #2369bd;\n}\n<\/style>\n\t<\/div>\n\t\n\n\t\t<\/div>\n\t\t\t\t\t<\/div>\n\n\t\n\n<\/div>\n\t<div id=\"gap-1179125813\" class=\"gap-element clearfix\" style=\"display:block; height:auto;\">\n\t\t\n<style>\n#gap-1179125813 {\n  padding-top: 60px;\n}\n<\/style>\n\t<\/div>\n\t\n\n<div class=\"row\"  id=\"row-1672456973\">\n\n\n\t<div id=\"col-1340002338\" class=\"col small-12 large-12\"  >\n\t\t\t\t<div class=\"col-inner text-center\"  >\n\t\t\t\n\t\t\t\n\n<a href=\"\/es\/contacto\/\" class=\"button primary\"  style=\"border-radius:99px;\">\n\t\t<span>Comienza hoy con tu proceso<\/span>\n\t<\/a>\n\n\n\n\t\t<\/div>\n\t\t\t\t\t<\/div>\n\n\t\n\n<\/div>\n\n\t\t<\/div>\n\n\t\t\n<style>\n#section_1085218262 {\n  padding-top: 30px;\n  padding-bottom: 30px;\n}\n<\/style>\n\t<\/section>\n\t\n\t<div id=\"gap-260603765\" class=\"gap-element clearfix\" style=\"display:block; height:auto;\">\n\t\t\n<style>\n#gap-260603765 {\n  padding-top: 60px;\n}\n<\/style>\n\t<\/div>\n\t\n\n\n\t<section class=\"section automation_soft\" id=\"section_1347146489\">\n\t\t<div class=\"section-bg fill\" >\n\t\t\t\t\t\t\t\t\t\n\t\t\t\n\n\t\t<\/div>\n\n\t\t\n\n\t\t<div class=\"section-content relative\">\n\t\t\t\n\n<div class=\"row row-large\"  id=\"row-338202560\">\n\n\n\t<div id=\"col-1396022751\" class=\"col medium-6 small-12 large-6\"  >\n\t\t\t\t<div class=\"col-inner\"  >\n\t\t\t\n\t\t\t\n\n\t<div id=\"text-3446487273\" class=\"text fw_800\">\n\t\t\n\n<h2>Software y herramientas para la automatizaci\u00f3n<\/h2>\n\t\t\n<style>\n#text-3446487273 {\n  font-size: 1.6rem;\n  text-align: center;\n}\n@media (min-width:550px) {\n  #text-3446487273 {\n    text-align: left;\n  }\n}\n<\/style>\n\t<\/div>\n\t\n<a href=\"\/es\/contacto\/\" class=\"button primary button-center\"  style=\"border-radius:99px;\">\n\t\t<span>Quiero contactarme con un profesional<\/span>\n\t<\/a>\n\n\n\n\t\t<\/div>\n\t\t\t\t\t<\/div>\n\n\t\n\n\t<div id=\"col-690120050\" class=\"col medium-6 small-12 large-6\"  >\n\t\t\t\t<div class=\"col-inner\"  >\n\t\t\t\n\t\t\t\n\n<div class=\"row row-collapse soft-logos\"  id=\"row-1321783564\">\n\n\n\t<div id=\"col-990599808\" class=\"col medium-4 small-4 large-4\"  >\n\t\t\t\t<div class=\"col-inner text-center\"  >\n\t\t\t\n\t\t\t\n\n\t<div class=\"img has-hover x md-x lg-x y md-y lg-y\" id=\"image_1810055387\">\n\t\t\t\t\t\t\t\t<div class=\"img-inner dark\" >\n\t\t\t<img loading=\"lazy\" decoding=\"async\" width=\"79\" height=\"85\" src=\"https:\/\/www.execord.com\/es\/wp-content\/uploads\/sites\/2\/2022\/11\/icon-power-bi.svg\" class=\"attachment-original size-original\" alt=\"\" \/>\t\t\t\t\t\t\n\t\t\t\t\t<\/div>\n\t\t\t\t\t\t\t\t\n<style>\n#image_1810055387 {\n  width: 35%;\n}\n@media (min-width:550px) {\n  #image_1810055387 {\n    width: 35%;\n  }\n}\n<\/style>\n\t<\/div>\n\t\n\n\t<div id=\"text-2438736459\" class=\"text\">\n\t\t\n\n<p><strong>Power BI<\/strong><\/p>\n\t\t\n<style>\n#text-2438736459 {\n  color: #2369bd;\n}\n#text-2438736459 > * {\n  color: #2369bd;\n}\n<\/style>\n\t<\/div>\n\t\n\n\t\t<\/div>\n\t\t\t\t\t<\/div>\n\n\t\n\n\t<div id=\"col-963034159\" class=\"col medium-4 small-4 large-4\"  >\n\t\t\t\t<div class=\"col-inner text-center\"  >\n\t\t\t\n\t\t\t\n\n\t<div class=\"img has-hover x md-x lg-x y md-y lg-y\" id=\"image_1203233181\">\n\t\t\t\t\t\t\t\t<div class=\"img-inner dark\" >\n\t\t\t<img loading=\"lazy\" decoding=\"async\" width=\"156\" height=\"151\" src=\"https:\/\/www.execord.com\/es\/wp-content\/uploads\/sites\/2\/2022\/11\/icon-power-app_v2.png\" class=\"attachment-original size-original\" alt=\"\" \/>\t\t\t\t\t\t\n\t\t\t\t\t<\/div>\n\t\t\t\t\t\t\t\t\n<style>\n#image_1203233181 {\n  width: 39%;\n}\n@media (min-width:550px) {\n  #image_1203233181 {\n    width: 39%;\n  }\n}\n<\/style>\n\t<\/div>\n\t\n\n\t<div id=\"text-279768749\" class=\"text\">\n\t\t\n\n<p><strong>Power Apps<\/strong><\/p>\n\t\t\n<style>\n#text-279768749 {\n  color: #2369bd;\n}\n#text-279768749 > * {\n  color: #2369bd;\n}\n<\/style>\n\t<\/div>\n\t\n\n\t\t<\/div>\n\t\t\t\t\t<\/div>\n\n\t\n\n\t<div id=\"col-1691976654\" class=\"col medium-4 small-4 large-4\"  >\n\t\t\t\t<div class=\"col-inner text-center\"  >\n\t\t\t\n\t\t\t\n\n\t<div class=\"img has-hover x md-x lg-x y md-y lg-y\" id=\"image_562960819\">\n\t\t\t\t\t\t\t\t<div class=\"img-inner dark\" >\n\t\t\t<img loading=\"lazy\" decoding=\"async\" width=\"76\" height=\"81\" src=\"https:\/\/www.execord.com\/es\/wp-content\/uploads\/sites\/2\/2022\/11\/icon-microsoft-dynamics.svg\" class=\"attachment-original size-original\" alt=\"\" \/>\t\t\t\t\t\t\n\t\t\t\t\t<\/div>\n\t\t\t\t\t\t\t\t\n<style>\n#image_562960819 {\n  width: 35%;\n}\n@media (min-width:550px) {\n  #image_562960819 {\n    width: 36%;\n  }\n}\n<\/style>\n\t<\/div>\n\t\n\n\t<div id=\"text-1726059057\" class=\"text\">\n\t\t\n\n<p><strong>Microsoft Dynamics<\/strong><\/p>\n\t\t\n<style>\n#text-1726059057 {\n  color: #2369bd;\n}\n#text-1726059057 > * {\n  color: #2369bd;\n}\n<\/style>\n\t<\/div>\n\t\n\n\t\t<\/div>\n\t\t\t\t\t<\/div>\n\n\t\n\n<\/div>\n\t<div id=\"text-254268235\" class=\"text\">\n\t\t\n\n<p>En Execord somos consultores profesionales en automatizaci\u00f3n de tareas. Brindamos soluciones con el apoyo de las herramientas que nos brinda la plataforma Microsoft Power Platform, como Power Automate, Power Bi, Power Apps, entre otros.<\/p>\n\t\t\n<style>\n#text-254268235 {\n  text-align: center;\n}\n@media (min-width:550px) {\n  #text-254268235 {\n    text-align: left;\n  }\n}\n<\/style>\n\t<\/div>\n\t\n\n\t\t<\/div>\n\t\t\t\t\t<\/div>\n\n\t\n\n<\/div>\n\n\t\t<\/div>\n\n\t\t\n<style>\n#section_1347146489 {\n  padding-top: 60px;\n  padding-bottom: 60px;\n  background-color: rgba(21, 62, 112, 0.05);\n}\n<\/style>\n\t<\/section>\n\t\n\n\t<section class=\"section\" id=\"section_1362002371\">\n\t\t<div class=\"section-bg fill\" >\n\t\t\t\t\t\t\t\t\t\n\t\t\t\n\n\t\t<\/div>\n\n\t\t\n\n\t\t<div class=\"section-content relative\">\n\t\t\t\n\n<div class=\"row row-large align-middle\"  id=\"row-139593401\">\n\n\n\t<div id=\"col-1006974788\" class=\"col medium-1 small-12 large-1\"  >\n\t\t\t\t<div class=\"col-inner\"  >\n\t\t\t\n\t\t\t\n\n\n\t\t<\/div>\n\t\t\t\t\t<\/div>\n\n\t\n\n\t<div id=\"col-963073191\" class=\"col medium-5 small-12 large-5\"  >\n\t\t\t\t<div class=\"col-inner\"  >\n\t\t\t\n\t\t\t\n\n\t<div id=\"text-405443526\" class=\"text fw_800\">\n\t\t\n\n<h2>\u00bfPor qu\u00e9 mi empresa debe utilizar un proceso de automatizaci\u00f3n?<\/h2>\n\t\t\n<style>\n#text-405443526 {\n  font-size: 1.5rem;\n  text-align: center;\n  color: #6ff1d8;\n}\n#text-405443526 > * {\n  color: #6ff1d8;\n}\n@media (min-width:550px) {\n  #text-405443526 {\n    text-align: right;\n  }\n}\n<\/style>\n\t<\/div>\n\t\n\n\t\t<\/div>\n\t\t\t\t\t<\/div>\n\n\t\n\n\t<div id=\"col-2120613007\" class=\"col medium-6 small-12 large-6\"  >\n\t\t\t\t<div class=\"col-inner text-left\"  >\n\t\t\t\n\t\t\t\n\n\t<div id=\"text-1137702427\" class=\"text\">\n\t\t\n\n<p>Nuestras soluciones profesionales permite que tu empresa optimice y transforme sus procesos operativos, de la manera que mejor conocen e interact\u00faan con sus clientes y en su oferta de valor.<\/p>\n\t\t\n<style>\n#text-1137702427 {\n  text-align: center;\n}\n@media (min-width:550px) {\n  #text-1137702427 {\n    text-align: left;\n  }\n}\n<\/style>\n\t<\/div>\n\t\n\n\t\t<\/div>\n\t\t\t\t\t<\/div>\n\n\t\n\n<\/div>\n\n\n<svg style=\"position: absolute; right: -15%;\" width=\"607\" height=\"44\" viewBox=\"0 0 607 44\" fill=\"none\" xmlns=\"http:\/\/www.w3.org\/2000\/svg\">\n<path d=\"M22 6.85395e-05C9.84973 6.96017e-05 -1.06221e-06 9.84981 0 22.0001C1.06221e-06 34.1503 9.84973 44.0001 22 44.0001L22 6.85395e-05ZM22 44.0001L806 44L806 0L22 6.85395e-05L22 44.0001Z\" fill=\"#6FF1D8\"><\/path><\/svg>\n\n\t<div id=\"gap-464167179\" class=\"gap-element clearfix\" style=\"display:block; height:auto;\">\n\t\t\n<style>\n#gap-464167179 {\n  padding-top: 60px;\n}\n<\/style>\n\t<\/div>\n\t\n\n\n\t\t<\/div>\n\n\t\t\n<style>\n#section_1362002371 {\n  padding-top: 60px;\n  padding-bottom: 60px;\n}\n<\/style>\n\t<\/section>\n\t\n","protected":false},"excerpt":{"rendered":"","protected":false},"author":2,"featured_media":0,"parent":0,"menu_order":0,"comment_status":"closed","ping_status":"closed","template":"page-blank.php","meta":{"inline_featured_image":false,"footnotes":""},"class_list":["post-271","page","type-page","status-publish","hentry"],"yoast_head":"<!-- This site is optimized with the Yoast SEO plugin v26.5 - https:\/\/yoast.com\/wordpress\/plugins\/seo\/ -->\n<title>Automatizaci\u00f3n de procesos y tareas | Execord<\/title>\n<meta name=\"description\" content=\"Automatiza los procesos y tareas en tu empresa. Optimiza el trabajo que te quita tiempo de valor, para enfocarte en lo realmente importante. Para m\u00e1s informaci\u00f3n, consulta aqu\u00ed.\" \/>\n<meta name=\"robots\" content=\"index, follow, max-snippet:-1, max-image-preview:large, max-video-preview:-1\" \/>\n<link rel=\"canonical\" href=\"https:\/\/www.execord.com\/es\/automation\/\" \/>\n<meta property=\"og:locale\" content=\"es_ES\" \/>\n<meta property=\"og:type\" content=\"article\" \/>\n<meta property=\"og:title\" content=\"Automatizaci\u00f3n de procesos y tareas | Execord\" \/>\n<meta property=\"og:description\" content=\"Automatiza los procesos y tareas en tu empresa. Optimiza el trabajo que te quita tiempo de valor, para enfocarte en lo realmente importante. Para m\u00e1s informaci\u00f3n, consulta aqu\u00ed.\" \/>\n<meta property=\"og:url\" content=\"https:\/\/www.execord.com\/es\/automation\/\" \/>\n<meta property=\"og:site_name\" content=\"Execord ES\" \/>\n<meta property=\"article:modified_time\" content=\"2022-12-12T13:25:02+00:00\" \/>\n<meta name=\"twitter:card\" content=\"summary_large_image\" \/>\n<meta name=\"twitter:label1\" content=\"Tiempo de lectura\" \/>\n\t<meta name=\"twitter:data1\" content=\"2 minutos\" \/>\n<script type=\"application\/ld+json\" class=\"yoast-schema-graph\">{\"@context\":\"https:\/\/schema.org\",\"@graph\":[{\"@type\":\"WebPage\",\"@id\":\"https:\/\/www.execord.com\/es\/automation\/\",\"url\":\"https:\/\/www.execord.com\/es\/automation\/\",\"name\":\"Automatizaci\u00f3n de procesos y tareas | Execord\",\"isPartOf\":{\"@id\":\"https:\/\/www.execord.com\/es\/#website\"},\"datePublished\":\"2022-11-30T10:03:30+00:00\",\"dateModified\":\"2022-12-12T13:25:02+00:00\",\"description\":\"Automatiza los procesos y tareas en tu empresa. Optimiza el trabajo que te quita tiempo de valor, para enfocarte en lo realmente importante. Para m\u00e1s informaci\u00f3n, consulta aqu\u00ed.\",\"breadcrumb\":{\"@id\":\"https:\/\/www.execord.com\/es\/automation\/#breadcrumb\"},\"inLanguage\":\"es-AR\",\"potentialAction\":[{\"@type\":\"ReadAction\",\"target\":[\"https:\/\/www.execord.com\/es\/automation\/\"]}]},{\"@type\":\"BreadcrumbList\",\"@id\":\"https:\/\/www.execord.com\/es\/automation\/#breadcrumb\",\"itemListElement\":[{\"@type\":\"ListItem\",\"position\":1,\"name\":\"Inicio\",\"item\":\"https:\/\/www.execord.com\/es\/\"},{\"@type\":\"ListItem\",\"position\":2,\"name\":\"Automation\"}]},{\"@type\":\"WebSite\",\"@id\":\"https:\/\/www.execord.com\/es\/#website\",\"url\":\"https:\/\/www.execord.com\/es\/\",\"name\":\"Execord ES\",\"description\":\"Consultores en negocios\",\"potentialAction\":[{\"@type\":\"SearchAction\",\"target\":{\"@type\":\"EntryPoint\",\"urlTemplate\":\"https:\/\/www.execord.com\/es\/?s={search_term_string}\"},\"query-input\":{\"@type\":\"PropertyValueSpecification\",\"valueRequired\":true,\"valueName\":\"search_term_string\"}}],\"inLanguage\":\"es-AR\"}]}<\/script>\n<!-- \/ Yoast SEO plugin. -->","yoast_head_json":{"title":"Automatizaci\u00f3n de procesos y tareas | Execord","description":"Automatiza los procesos y tareas en tu empresa. Optimiza el trabajo que te quita tiempo de valor, para enfocarte en lo realmente importante. Para m\u00e1s informaci\u00f3n, consulta aqu\u00ed.","robots":{"index":"index","follow":"follow","max-snippet":"max-snippet:-1","max-image-preview":"max-image-preview:large","max-video-preview":"max-video-preview:-1"},"canonical":"https:\/\/www.execord.com\/es\/automation\/","og_locale":"es_ES","og_type":"article","og_title":"Automatizaci\u00f3n de procesos y tareas | Execord","og_description":"Automatiza los procesos y tareas en tu empresa. Optimiza el trabajo que te quita tiempo de valor, para enfocarte en lo realmente importante. Para m\u00e1s informaci\u00f3n, consulta aqu\u00ed.","og_url":"https:\/\/www.execord.com\/es\/automation\/","og_site_name":"Execord ES","article_modified_time":"2022-12-12T13:25:02+00:00","twitter_card":"summary_large_image","twitter_misc":{"Tiempo de lectura":"2 minutos"},"schema":{"@context":"https:\/\/schema.org","@graph":[{"@type":"WebPage","@id":"https:\/\/www.execord.com\/es\/automation\/","url":"https:\/\/www.execord.com\/es\/automation\/","name":"Automatizaci\u00f3n de procesos y tareas | Execord","isPartOf":{"@id":"https:\/\/www.execord.com\/es\/#website"},"datePublished":"2022-11-30T10:03:30+00:00","dateModified":"2022-12-12T13:25:02+00:00","description":"Automatiza los procesos y tareas en tu empresa. Optimiza el trabajo que te quita tiempo de valor, para enfocarte en lo realmente importante. Para m\u00e1s informaci\u00f3n, consulta aqu\u00ed.","breadcrumb":{"@id":"https:\/\/www.execord.com\/es\/automation\/#breadcrumb"},"inLanguage":"es-AR","potentialAction":[{"@type":"ReadAction","target":["https:\/\/www.execord.com\/es\/automation\/"]}]},{"@type":"BreadcrumbList","@id":"https:\/\/www.execord.com\/es\/automation\/#breadcrumb","itemListElement":[{"@type":"ListItem","position":1,"name":"Inicio","item":"https:\/\/www.execord.com\/es\/"},{"@type":"ListItem","position":2,"name":"Automation"}]},{"@type":"WebSite","@id":"https:\/\/www.execord.com\/es\/#website","url":"https:\/\/www.execord.com\/es\/","name":"Execord ES","description":"Consultores en negocios","potentialAction":[{"@type":"SearchAction","target":{"@type":"EntryPoint","urlTemplate":"https:\/\/www.execord.com\/es\/?s={search_term_string}"},"query-input":{"@type":"PropertyValueSpecification","valueRequired":true,"valueName":"search_term_string"}}],"inLanguage":"es-AR"}]}},"_links":{"self":[{"href":"https:\/\/www.execord.com\/es\/wp-json\/wp\/v2\/pages\/271","targetHints":{"allow":["GET"]}}],"collection":[{"href":"https:\/\/www.execord.com\/es\/wp-json\/wp\/v2\/pages"}],"about":[{"href":"https:\/\/www.execord.com\/es\/wp-json\/wp\/v2\/types\/page"}],"author":[{"embeddable":true,"href":"https:\/\/www.execord.com\/es\/wp-json\/wp\/v2\/users\/2"}],"replies":[{"embeddable":true,"href":"https:\/\/www.execord.com\/es\/wp-json\/wp\/v2\/comments?post=271"}],"version-history":[{"count":38,"href":"https:\/\/www.execord.com\/es\/wp-json\/wp\/v2\/pages\/271\/revisions"}],"predecessor-version":[{"id":474,"href":"https:\/\/www.execord.com\/es\/wp-json\/wp\/v2\/pages\/271\/revisions\/474"}],"wp:attachment":[{"href":"https:\/\/www.execord.com\/es\/wp-json\/wp\/v2\/media?parent=271"}],"curies":[{"name":"wp","href":"https:\/\/api.w.org\/{rel}","templated":true}]}}